{"id":10926,"date":"2021-11-17T15:35:10","date_gmt":"2021-11-17T20:35:10","guid":{"rendered":"http:\/\/divertissementpartytime.ca\/?page_id=10926"},"modified":"2024-11-08T22:47:37","modified_gmt":"2024-11-09T03:47:37","slug":"forfaits","status":"publish","type":"page","link":"https:\/\/divertissementpartytime.ca\/fr\/forfaits\/","title":{"rendered":"Forfaits"},"content":{"rendered":"<div class=\"wpb-content-wrapper\">[vc_row][vc_column][mk_fancy_title color=\u00a0\u00bb#000000&Prime; size=\u00a0\u00bb40&Prime; font_weight=\u00a0\u00bb300&Prime; txt_transform=\u00a0\u00bbuppercase\u00a0\u00bb letter_spacing=\u00a0\u00bb1&Prime; margin_top=\u00a0\u00bb30&Prime; font_family=\u00a0\u00bbnone\u00a0\u00bb align=\u00a0\u00bbcenter\u00a0\u00bb animation=\u00a0\u00bbscale-up\u00a0\u00bb]Nos forfaits de mariage[\/mk_fancy_title][vc_column_text]Afin de capturer vraiment votre jour de mariage, nous prenons le temps de vous rencontrer et poser quelques questions. Nous voulons conna\u00eetre votre style, vos bizarreries et vos id\u00e9es pour votre journ\u00e9e sp\u00e9ciale. De l\u00e0, nous allons adopter une approche d&rsquo;\u00e9quipe pour capturer vos souvenirs.[\/vc_column_text][\/vc_column][\/vc_row][vc_row][vc_column][mk_padding_divider size=\u00a0\u00bb80&Prime;][\/vc_column][\/vc_row][vc_row][vc_column width=\u00a0\u00bb5\/12&Prime; css=\u00a0\u00bb.vc_custom_1500314543589{background-color: #f2f2f2 !important;}\u00a0\u00bb][mk_fancy_title tag_name=\u00a0\u00bbh3&Prime; color=\u00a0\u00bb#000000&Prime; size=\u00a0\u00bb36&Prime; font_weight=\u00a0\u00bb300&Prime; txt_transform=\u00a0\u00bbuppercase\u00a0\u00bb letter_spacing=\u00a0\u00bb1&Prime; margin_top=\u00a0\u00bb20&Prime; margin_bottom=\u00a0\u00bb0&Prime; font_family=\u00a0\u00bbnone\u00a0\u00bb]Forfait base<br \/>\nDJ et M\u00e2itre de C\u00e9r\u00e9monie<br \/>\n<span style=\"color: #ff0078;\">Contactez-nous pour une soumission<\/span>[\/mk_fancy_title][mk_custom_list style=\u00a0\u00bbmk-icon-caret-right\u00a0\u00bb]\n<ul>\n<li>DIVERTISSEMENT AU COMPL\u00c8TE<\/li>\n<li>MICRO SANS FIL<\/li>\n<li>SYST\u00c8ME D\u2019\u00c9CLAIRAGE (2)<\/li>\n<li>1 SYST\u00c8ME DE SON<\/li>\n<li>COLONNES (2)<\/li>\n<li>MACHINE \u00c0 BROUILLARD<\/li>\n<li>CABINE DE DJ LED<\/li>\n<\/ul>\n[\/mk_custom_list][mk_button dimension=\u00a0\u00bbflat\u00a0\u00bb size=\u00a0\u00bblarge\u00a0\u00bb url=\u00a0\u00bbhttp:\/\/divertissementpartytime.ca\/fr\/nous-joindre\u00a0\u00bb margin_top=\u00a0\u00bb20&Prime; margin_bottom=\u00a0\u00bb30&Prime; margin_right=\u00a0\u00bb0&Prime; bg_color=\u00a0\u00bb#ff0078&Prime; btn_hover_bg=\u00a0\u00bb#fd3492&Prime;]R\u00c9SERVEZ MAINTENANT[\/mk_button][\/vc_column][vc_column width=\u00a0\u00bb1\/12&Prime;][\/vc_column][vc_column width=\u00a0\u00bb6\/12&Prime;][mk_image src=\u00a0\u00bbhttp:\/\/aura-designs.net\/clients\/partytime\/wp-content\/uploads\/2017\/03\/basic-wedding-package.jpg\u00a0\u00bb image_size=\u00a0\u00bbfull\u00a0\u00bb][\/vc_column][\/vc_row][vc_row][vc_column][mk_padding_divider size=\u00a0\u00bb80&Prime;][\/vc_column][\/vc_row][vc_row][vc_column width=\u00a0\u00bb5\/12&Prime;][mk_image src=\u00a0\u00bbhttp:\/\/aura-designs.net\/clients\/partytime\/wp-content\/uploads\/2017\/03\/deluxe-wedding-package.jpg\u00a0\u00bb image_size=\u00a0\u00bbfull\u00a0\u00bb][\/vc_column][vc_column width=\u00a0\u00bb1\/12&Prime;][\/vc_column][vc_column width=\u00a0\u00bb6\/12&Prime; css=\u00a0\u00bb.vc_custom_1500314859680{background-color: #f2f2f2 !important;}\u00a0\u00bb][mk_fancy_title tag_name=\u00a0\u00bbh3&Prime; color=\u00a0\u00bb#000000&Prime; size=\u00a0\u00bb36&Prime; font_weight=\u00a0\u00bb300&Prime; txt_transform=\u00a0\u00bbuppercase\u00a0\u00bb letter_spacing=\u00a0\u00bb1&Prime; margin_top=\u00a0\u00bb20&Prime; margin_bottom=\u00a0\u00bb0&Prime; font_family=\u00a0\u00bbnone\u00a0\u00bb]Forfait deluxe <span style=\"color: #ff0078;\">Contactez-nous pour une soumission<\/span>[\/mk_fancy_title][mk_custom_list style=\u00a0\u00bbmk-icon-caret-right\u00a0\u00bb]\n<ul>\n<li>DIVERTISSEMENT AU COMPL\u00c8TE<\/li>\n<li>1 DJ ET 1 M\u00c2ITRE DE C\u00c9R\u00c9MONIE<\/li>\n<li>MICRO SANS FIL<\/li>\n<li>SYST\u00c8ME D\u2019\u00c9CLAIRAGE (4)<\/li>\n<li>COLONNES (4)<\/li>\n<li>1 SYST\u00c8ME DE SON<\/li>\n<li>T\u00c9L\u00c9VISION 70&Prime; (2) MONT\u00c9E SUR COLONNES<\/li>\n<li>MULTIMEDIA A\/V<\/li>\n<li>MACHINE \u00c0 BROUILLARD<\/li>\n<li>CABINE DE DJ LED<\/li>\n<li>RIDEAU POUR STAGE<\/li>\n<\/ul>\n[\/mk_custom_list][mk_button dimension=\u00a0\u00bbflat\u00a0\u00bb size=\u00a0\u00bblarge\u00a0\u00bb url=\u00a0\u00bbhttp:\/\/divertissementpartytime.ca\/fr\/nous-joindre\u00a0\u00bb margin_top=\u00a0\u00bb20&Prime; margin_bottom=\u00a0\u00bb30&Prime; margin_right=\u00a0\u00bb0&Prime; bg_color=\u00a0\u00bb#ff0078&Prime; btn_hover_bg=\u00a0\u00bb#fd3492&Prime;]R\u00c9SERVEZ MAINTENANT[\/mk_button][\/vc_column][\/vc_row][vc_row][vc_column][mk_padding_divider size=\u00a0\u00bb80&Prime;][\/vc_column][\/vc_row][vc_row][vc_column width=\u00a0\u00bb5\/12&Prime; css=\u00a0\u00bb.vc_custom_1500314543589{background-color: #f2f2f2 !important;}\u00a0\u00bb][mk_fancy_title tag_name=\u00a0\u00bbh3&Prime; color=\u00a0\u00bb#000000&Prime; size=\u00a0\u00bb36&Prime; font_weight=\u00a0\u00bb300&Prime; txt_transform=\u00a0\u00bbuppercase\u00a0\u00bb letter_spacing=\u00a0\u00bb1&Prime; margin_top=\u00a0\u00bb20&Prime; margin_bottom=\u00a0\u00bb0&Prime; font_family=\u00a0\u00bbnone\u00a0\u00bb]Forfait Party Time <span style=\"color: #ff0078;\">Contactez-nous pour une soumission<\/span>[\/mk_fancy_title][mk_custom_list style=\u00a0\u00bbmk-icon-caret-right\u00a0\u00bb]\n<ul>\n<li>DIVERTISSEMENT AU COMPL\u00c8TE<\/li>\n<li>1 DJ ET 1 M\u00c2ITRE DE C\u00c9R\u00c9MONIE<\/li>\n<li>MICRO SANS FIL<\/li>\n<li>SYST\u00c8ME D\u2019\u00c9CLAIRAGE (6)<\/li>\n<li>COLONNES (6)<\/li>\n<li>SYST\u00c8ME DE SON DOUBLE<\/li>\n<li>T\u00c9L\u00c9VISION 70&Prime; (2) MONT\u00c9E SUR COLONNES<\/li>\n<li>MULTIMEDIA A\/V<\/li>\n<li>MACHINE \u00c0 BROUILLARD<\/li>\n<li>CABINE DE DJ LED<\/li>\n<li>RIDEAU POUR STAGE<\/li>\n<li>CABINE A PHOTO 3 HEURES<\/li>\n<\/ul>\n[\/mk_custom_list][mk_button dimension=\u00a0\u00bbflat\u00a0\u00bb size=\u00a0\u00bblarge\u00a0\u00bb url=\u00a0\u00bbhttp:\/\/divertissementpartytime.ca\/fr\/nous-joindre\u00a0\u00bb margin_top=\u00a0\u00bb20&Prime; margin_bottom=\u00a0\u00bb30&Prime; margin_right=\u00a0\u00bb0&Prime; bg_color=\u00a0\u00bb#ff0078&Prime; btn_hover_bg=\u00a0\u00bb#fd3492&Prime;]R\u00c9SERVEZ MAINTENANT[\/mk_button][\/vc_column][vc_column width=\u00a0\u00bb1\/12&Prime;][\/vc_column][vc_column width=\u00a0\u00bb6\/12&Prime;][mk_image src=\u00a0\u00bbhttp:\/\/aura-designs.net\/clients\/partytime\/wp-content\/uploads\/2020\/04\/wedding-dj-montreal-1.jpg\u00a0\u00bb image_size=\u00a0\u00bbfull\u00a0\u00bb][\/vc_column][\/vc_row][vc_row][vc_column][mk_padding_divider size=\u00a0\u00bb80&Prime;][\/vc_column][\/vc_row][vc_row][vc_column width=\u00a0\u00bb5\/12&Prime;][mk_image src=\u00a0\u00bbhttp:\/\/aura-designs.net\/clients\/partytime\/wp-content\/uploads\/2020\/04\/firework-1.jpg\u00a0\u00bb image_size=\u00a0\u00bbfull\u00a0\u00bb][\/vc_column][vc_column width=\u00a0\u00bb1\/12&Prime;][\/vc_column][vc_column width=\u00a0\u00bb6\/12&Prime; css=\u00a0\u00bb.vc_custom_1500314859680{background-color: #f2f2f2 !important;}\u00a0\u00bb][mk_fancy_title tag_name=\u00a0\u00bbh3&Prime; color=\u00a0\u00bb#000000&Prime; size=\u00a0\u00bb36&Prime; font_weight=\u00a0\u00bb300&Prime; txt_transform=\u00a0\u00bbuppercase\u00a0\u00bb letter_spacing=\u00a0\u00bb1&Prime; margin_top=\u00a0\u00bb20&Prime; margin_bottom=\u00a0\u00bb0&Prime; font_family=\u00a0\u00bbnone\u00a0\u00bb]L\u2019\u00e9xperience Divertissement Party Time <span style=\"color: #ff0078;\">Contactez-nous pour une soumission<\/span>[\/mk_fancy_title][mk_custom_list style=\u00a0\u00bbmk-icon-caret-right\u00a0\u00bb]\n<ul>\n<li>DIVERTISSEMENT AU COMPL\u00c8TE<\/li>\n<li>M\u00c2ITRE DE C\u00c9R\u00c9MONIE<\/li>\n<li>DJ<\/li>\n<li>OPERATEUR PHOTOBOOTH<\/li>\n<li>TECHNICIEN AUDIOVISUEL ET D\u2019\u00c9CLAIRAGE<\/li>\n<li>MICRO SANS FIL<\/li>\n<li>SYST\u00c8ME D\u2019\u00c9CLAIRAGE (8)<\/li>\n<li>COLONNES (8)<\/li>\n<li>SYST\u00c8ME DE SON DOUBLE<\/li>\n<li>T\u00c9L\u00c9VISION 70&Prime; (3) MONT\u00c9E SUR COLONNES<\/li>\n<li>MULTIMEDIA A\/V<\/li>\n<li>MACHINE \u00c0 BROUILLARD (2)<\/li>\n<li>EFFET LAZER<\/li>\n<li>CANON A CONFETTI<\/li>\n<li>4 SPARKLERS<\/li>\n<li>MACHINE A GLA\u00c7E S\u00c8CHE<\/li>\n<li>RIDEAU POUR STAGE<\/li>\n<li>CABINE A PHOTO 4 HEURES<\/li>\n<\/ul>\n[\/mk_custom_list][mk_button dimension=\u00a0\u00bbflat\u00a0\u00bb size=\u00a0\u00bblarge\u00a0\u00bb url=\u00a0\u00bbhttp:\/\/divertissementpartytime.ca\/fr\/nous-joindre\u00a0\u00bb margin_top=\u00a0\u00bb20&Prime; margin_bottom=\u00a0\u00bb30&Prime; margin_right=\u00a0\u00bb0&Prime; bg_color=\u00a0\u00bb#ff0078&Prime; btn_hover_bg=\u00a0\u00bb#fd3492&Prime;]R\u00c9SERVEZ MAINTENANT[\/mk_button][\/vc_column][\/vc_row][vc_row][vc_column][mk_padding_divider size=\u00a0\u00bb80&Prime;][\/vc_column][\/vc_row][vc_row fullwidth=\u00a0\u00bbtrue\u00a0\u00bb fullwidth_content=\u00a0\u00bbfalse\u00a0\u00bb][vc_column css=\u00a0\u00bb.vc_custom_1500348067068{background-color: #f2f2f2 !important;}\u00a0\u00bb][mk_fancy_title tag_name=\u00a0\u00bbh4&Prime; color=\u00a0\u00bb#000000&Prime; size=\u00a0\u00bb30&Prime; font_weight=\u00a0\u00bb300&Prime; txt_transform=\u00a0\u00bbuppercase\u00a0\u00bb letter_spacing=\u00a0\u00bb1&Prime; margin_top=\u00a0\u00bb30&Prime; font_family=\u00a0\u00bbnone\u00a0\u00bb align=\u00a0\u00bbcenter\u00a0\u00bb animation=\u00a0\u00bbscale-up\u00a0\u00bb]Additional Features[\/mk_fancy_title][mk_table]\n<table width=\"100%\">\n<thead>\n<tr>\n<th>Article<\/th>\n<th>Prix<\/th>\n<\/tr>\n<\/thead>\n<tbody>\n<tr>\n<td>\u00c9clairage led<\/td>\n<td>$30 \/ CH<\/td>\n<\/tr>\n<tr>\n<td>Rideau blanc ou noir<\/td>\n<td>$25 \/ PL<\/td>\n<\/tr>\n<tr>\n<td>Table baroque<\/td>\n<td>$400<\/td>\n<\/tr>\n<tr>\n<td>Syst\u00e8me de cocktail<\/td>\n<td>$350<\/td>\n<\/tr>\n<tr>\n<td>Syst\u00e8me de c\u00e9r\u00e9monie<\/td>\n<td>$350<\/td>\n<\/tr>\n<tr>\n<td>Initiale sur piste de dance<\/td>\n<td>$350<\/td>\n<\/tr>\n<tr>\n<td>Accesoires de party assortis<\/td>\n<td>$100<\/td>\n<\/tr>\n<tr>\n<td>Machine a gla\u00e7e s\u00e8che<\/td>\n<td>Contact pour prix<\/td>\n<\/tr>\n<tr>\n<td>Fontaine de feu d\u2019artifice x 4<\/td>\n<td>Contact pour prix<\/td>\n<\/tr>\n<tr>\n<td>T\u00e9l\u00e9vision 70&Prime; mont\u00e9e sur colonnes<\/td>\n<td>$300<\/td>\n<\/tr>\n<tr>\n<td>Chaise de banquet<\/td>\n<td>$400<\/td>\n<\/tr>\n<tr>\n<td>Photobooth (forfait 1-4)<\/td>\n<td>&#8211;<\/td>\n<\/tr>\n<tr>\n<td>Danseurs, saxophone, tam tam etc<\/td>\n<td>Demande sp\u00e9ciale<\/td>\n<\/tr>\n<\/tbody>\n<\/table>\n[\/mk_table][\/vc_column][\/vc_row][vc_row][vc_column][mk_padding_divider size=\u00a0\u00bb80&Prime;][\/vc_column][\/vc_row][mk_page_section bg_color=\u00a0\u00bb#ffffff\u00a0\u00bb bg_position=\u00a0\u00bbcenter center\u00a0\u00bb bg_repeat=\u00a0\u00bbno-repeat\u00a0\u00bb bg_stretch=\u00a0\u00bbtrue\u00a0\u00bb video_loop=\u00a0\u00bbfalse\u00a0\u00bb min_height=\u00a0\u00bb400&Prime; js_vertical_centered=\u00a0\u00bbtrue\u00a0\u00bb padding_top=\u00a0\u00bb0&Prime; padding_bottom=\u00a0\u00bb0&Prime; sidebar=\u00a0\u00bbsidebar-1&Prime;][vc_column width=\u00a0\u00bb3\/12&Prime;][\/vc_column][vc_column width=\u00a0\u00bb6\/12&Prime;][mk_fancy_title tag_name=\u00a0\u00bbh3&Prime; color=\u00a0\u00bb#000000&Prime; size=\u00a0\u00bb28&Prime; force_font_size=\u00a0\u00bbtrue\u00a0\u00bb size_tablet=\u00a0\u00bb25&Prime; size_phone=\u00a0\u00bb20&Prime; font_weight=\u00a0\u00bb400&Prime; txt_transform=\u00a0\u00bbuppercase\u00a0\u00bb letter_spacing=\u00a0\u00bb1&Prime; margin_bottom=\u00a0\u00bb0&Prime; font_family=\u00a0\u00bbnone\u00a0\u00bb align=\u00a0\u00bbcenter\u00a0\u00bb animation=\u00a0\u00bbscale-up\u00a0\u00bb]Inscrivez-vous \u00e0 notre infolettre[\/mk_fancy_title][mk_subscribe placeholder_text=\u00a0\u00bbCourriel\u00a0\u00bb button_text=\u00a0\u00bbENVOYER\u00a0\u00bb list_id=\u00a0\u00bb54e1394cfc\u00a0\u00bb space_between=\u00a0\u00bb30&Prime; btn_bg_color=\u00a0\u00bb#ff0078&Prime; btn_text_color=\u00a0\u00bb#ffffff\u00a0\u00bb btn_border_color=\u00a0\u00bb#ff0078&Prime; input_bg_color=\u00a0\u00bb#ffffff\u00a0\u00bb input_placeholder_color=\u00a0\u00bb#666666&Prime; input_border_color=\u00a0\u00bb#cccccc\u00a0\u00bb btn_hover_bg_color=\u00a0\u00bb#d3d3d3&Prime; input_focus_bg_color=\u00a0\u00bb#d3d3d3&Prime; input_focus_placeholder_color=\u00a0\u00bb#ffffff\u00a0\u00bb][\/vc_column][vc_column width=\u00a0\u00bb3\/12&Prime;][\/vc_column][\/mk_page_section][vc_row fullwidth=\u00a0\u00bbtrue\u00a0\u00bb css=\u00a0\u00bb.vc_custom_1489129008865{background-color: #f7f7f8 !important;}\u00a0\u00bb][vc_column][mk_padding_divider size=\u00a0\u00bb100&Prime;][\/vc_column][\/vc_row]\n<p><\/p><\/div>","protected":false},"excerpt":{"rendered":"<p>[vc_row][vc_column][mk_fancy_title color=\u00a0\u00bb#000000&Prime; size=\u00a0\u00bb40&Prime; font_weight=\u00a0\u00bb300&Prime; txt_transform=\u00a0\u00bbuppercase\u00a0\u00bb letter_spacing=\u00a0\u00bb1&Prime; margin_top=\u00a0\u00bb30&Prime; font_family=\u00a0\u00bbnone\u00a0\u00bb align=\u00a0\u00bbcenter\u00a0\u00bb animation=\u00a0\u00bbscale-up\u00a0\u00bb]Nos forfaits de mariage[\/mk_fancy_title][vc_column_text]Afin de capturer vraiment votre jour de mariage, nous prenons le temps de vous rencontrer et poser quelques questions. Nous voulons conna\u00eetre votre style, vos bizarreries et vos id\u00e9es pour votre journ\u00e9e sp\u00e9ciale. De l\u00e0, nous allons adopter une approche d&rsquo;\u00e9quipe pour capturer [&hellip;]<\/p>\n","protected":false},"author":1,"featured_media":0,"parent":0,"menu_order":0,"comment_status":"closed","ping_status":"closed","template":"","meta":{"footnotes":""},"class_list":["post-10926","page","type-page","status-publish","hentry"],"_links":{"self":[{"href":"https:\/\/divertissementpartytime.ca\/fr\/wp-json\/wp\/v2\/pages\/10926","targetHints":{"allow":["GET"]}}],"collection":[{"href":"https:\/\/divertissementpartytime.ca\/fr\/wp-json\/wp\/v2\/pages"}],"about":[{"href":"https:\/\/divertissementpartytime.ca\/fr\/wp-json\/wp\/v2\/types\/page"}],"author":[{"embeddable":true,"href":"https:\/\/divertissementpartytime.ca\/fr\/wp-json\/wp\/v2\/users\/1"}],"replies":[{"embeddable":true,"href":"https:\/\/divertissementpartytime.ca\/fr\/wp-json\/wp\/v2\/comments?post=10926"}],"version-history":[{"count":5,"href":"https:\/\/divertissementpartytime.ca\/fr\/wp-json\/wp\/v2\/pages\/10926\/revisions"}],"predecessor-version":[{"id":10979,"href":"https:\/\/divertissementpartytime.ca\/fr\/wp-json\/wp\/v2\/pages\/10926\/revisions\/10979"}],"wp:attachment":[{"href":"https:\/\/divertissementpartytime.ca\/fr\/wp-json\/wp\/v2\/media?parent=10926"}],"curies":[{"name":"wp","href":"https:\/\/api.w.org\/{rel}","templated":true}]}}