{"id":10670,"date":"2020-04-22T02:33:22","date_gmt":"2020-04-22T06:33:22","guid":{"rendered":"http:\/\/divertissementpartytime.ca\/?page_id=10670"},"modified":"2020-04-22T02:33:24","modified_gmt":"2020-04-22T06:33:24","slug":"tele-realite","status":"publish","type":"page","link":"https:\/\/divertissementpartytime.ca\/fr\/tele-realite\/","title":{"rendered":"T\u00e9l\u00e9 R\u00e9alit\u00e9"},"content":{"rendered":"<div class=\"wpb-content-wrapper\">[vc_row][vc_column][mk_fancy_title color=\u00a0\u00bb#000000&Prime; size=\u00a0\u00bb40&Prime; font_weight=\u00a0\u00bb300&Prime; txt_transform=\u00a0\u00bbuppercase\u00a0\u00bb letter_spacing=\u00a0\u00bb1&Prime; margin_top=\u00a0\u00bb30&Prime; font_family=\u00a0\u00bbnone\u00a0\u00bb align=\u00a0\u00bbcenter\u00a0\u00bb animation=\u00a0\u00bbscale-up\u00a0\u00bb]Amped Up[\/mk_fancy_title][vc_column_text]\n<p>Regardez notre nouvelle \u00e9mission de t\u00e9l\u00e9r\u00e9alit\u00e9, Amped Up.<\/p>\n<p>Nous vous emm\u00e8nerons dans les coulisses de la pr\u00e9paration de vos \u00e9v\u00e9nements. Voyez comment nous affrontons divers obstacles et comment nous nous organisons pour livrer le produit final, une moment inoubliable!<\/p>\n<p><iframe title=\"Amped Up - Episode 1\" src=\"https:\/\/player.vimeo.com\/video\/395354333?dnt=1&amp;app_id=122963\" width=\"1140\" height=\"641\" frameborder=\"0\" allow=\"autoplay; fullscreen\" allowfullscreen><\/iframe><\/p>\n<p><iframe title=\"Amped Up - Episode 2\" src=\"https:\/\/player.vimeo.com\/video\/395355732?dnt=1&amp;app_id=122963\" width=\"1140\" height=\"641\" frameborder=\"0\" allow=\"autoplay; fullscreen\" allowfullscreen><\/iframe><\/p>\n<p><iframe title=\"Amped Up - Episode 3\" src=\"https:\/\/player.vimeo.com\/video\/395357259?dnt=1&amp;app_id=122963\" width=\"1140\" height=\"641\" frameborder=\"0\" allow=\"autoplay; fullscreen\" allowfullscreen><\/iframe><\/p>\n[\/vc_column][\/vc_row][vc_row][vc_column][mk_padding_divider size=\u00a0\u00bb80&Prime;][\/vc_column][\/vc_row][mk_page_section bg_color=\u00a0\u00bb#ffffff\u00a0\u00bb bg_position=\u00a0\u00bbcenter center\u00a0\u00bb bg_repeat=\u00a0\u00bbno-repeat\u00a0\u00bb bg_stretch=\u00a0\u00bbtrue\u00a0\u00bb video_loop=\u00a0\u00bbfalse\u00a0\u00bb min_height=\u00a0\u00bb400&Prime; js_vertical_centered=\u00a0\u00bbtrue\u00a0\u00bb padding_top=\u00a0\u00bb0&Prime; padding_bottom=\u00a0\u00bb0&Prime; sidebar=\u00a0\u00bbsidebar-1&Prime;][vc_column width=\u00a0\u00bb3\/12&Prime;][\/vc_column]\n<p><\/p><\/div>","protected":false},"excerpt":{"rendered":"<p>[vc_row][vc_column][mk_fancy_title color=\u00a0\u00bb#000000&Prime; size=\u00a0\u00bb40&Prime; font_weight=\u00a0\u00bb300&Prime; txt_transform=\u00a0\u00bbuppercase\u00a0\u00bb letter_spacing=\u00a0\u00bb1&Prime; margin_top=\u00a0\u00bb30&Prime; font_family=\u00a0\u00bbnone\u00a0\u00bb align=\u00a0\u00bbcenter\u00a0\u00bb animation=\u00a0\u00bbscale-up\u00a0\u00bb]Amped Up[\/mk_fancy_title][vc_column_text] Regardez notre nouvelle \u00e9mission de t\u00e9l\u00e9r\u00e9alit\u00e9, Amped Up. Nous vous emm\u00e8nerons dans les coulisses de la pr\u00e9paration de vos \u00e9v\u00e9nements. Voyez comment nous affrontons divers obstacles et comment nous nous organisons pour livrer le produit final, une moment inoubliable! [\/vc_column][\/vc_row][vc_row][vc_column][mk_padding_divider size=\u00a0\u00bb80&Prime;][\/vc_column][\/vc_row][mk_page_section bg_color=\u00a0\u00bb#ffffff\u00a0\u00bb bg_position=\u00a0\u00bbcenter center\u00a0\u00bb [&hellip;]<\/p>\n","protected":false},"author":2,"featured_media":0,"parent":0,"menu_order":0,"comment_status":"closed","ping_status":"closed","template":"","meta":{"footnotes":""},"class_list":["post-10670","page","type-page","status-publish","hentry"],"_links":{"self":[{"href":"https:\/\/divertissementpartytime.ca\/fr\/wp-json\/wp\/v2\/pages\/10670","targetHints":{"allow":["GET"]}}],"collection":[{"href":"https:\/\/divertissementpartytime.ca\/fr\/wp-json\/wp\/v2\/pages"}],"about":[{"href":"https:\/\/divertissementpartytime.ca\/fr\/wp-json\/wp\/v2\/types\/page"}],"author":[{"embeddable":true,"href":"https:\/\/divertissementpartytime.ca\/fr\/wp-json\/wp\/v2\/users\/2"}],"replies":[{"embeddable":true,"href":"https:\/\/divertissementpartytime.ca\/fr\/wp-json\/wp\/v2\/comments?post=10670"}],"version-history":[{"count":1,"href":"https:\/\/divertissementpartytime.ca\/fr\/wp-json\/wp\/v2\/pages\/10670\/revisions"}],"predecessor-version":[{"id":10671,"href":"https:\/\/divertissementpartytime.ca\/fr\/wp-json\/wp\/v2\/pages\/10670\/revisions\/10671"}],"wp:attachment":[{"href":"https:\/\/divertissementpartytime.ca\/fr\/wp-json\/wp\/v2\/media?parent=10670"}],"curies":[{"name":"wp","href":"https:\/\/api.w.org\/{rel}","templated":true}]}}