{"id":10516,"date":"2017-12-10T00:41:00","date_gmt":"2017-12-10T05:41:00","guid":{"rendered":"http:\/\/divertissementpartytime.ca\/?page_id=10516"},"modified":"2019-01-23T14:59:29","modified_gmt":"2019-01-23T19:59:29","slug":"photo-booth","status":"publish","type":"page","link":"https:\/\/divertissementpartytime.ca\/fr\/photo-booth\/","title":{"rendered":"Photo Booth"},"content":{"rendered":"<div class=\"wpb-content-wrapper\">[vc_row][vc_column][mk_fancy_title color=\u00a0\u00bb#000000&Prime; size=\u00a0\u00bb40&Prime; font_weight=\u00a0\u00bb300&Prime; txt_transform=\u00a0\u00bbuppercase\u00a0\u00bb letter_spacing=\u00a0\u00bb1&Prime; margin_top=\u00a0\u00bb30&Prime; font_family=\u00a0\u00bbnone\u00a0\u00bb align=\u00a0\u00bbcenter\u00a0\u00bb animation=\u00a0\u00bbscale-up\u00a0\u00bb]Photo Booth[\/mk_fancy_title][vc_column_text]Notre Photo Booth personnalis\u00e9 a \u00e9t\u00e9 con\u00e7u par notre \u00e9quipe \u00e0 PTE afin de s\u2019assurer que nous capturons chaque souvenir. Que vous souhaitiez cr\u00e9er des moments d\u2019hyst\u00e9rie ou simplement spontan\u00e9s, notre Photo Booth capturera chaque seconde ! Nous offrons des accessoires et d\u00e9guisements de f\u00eate qui donneront vie au f\u00eatard qui se cache \u00e0 l\u2019int\u00e9rieur de nous tous. Que ce soit lors d\u2019un mariage \u00e9l\u00e9gant ou une f\u00eate \u00e0 th\u00e8me, nous pouvons adapter notre Photo Booth \u00e0 n\u2019importe quel \u00e9v\u00e8nement.<\/p>\n<p>Contactez-nous pour obtenir plus d\u2019information au sujet notre Photo Booth et savoir \u00e0 quel point il peut am\u00e9liorer votre exp\u00e9rience lors de votre prochain \u00e9v\u00e8nement. <iframe src=\"https:\/\/player.vimeo.com\/video\/261220478?color=ffffff&#038;byline=0&#038;portrait=0\" width=\"320\" height=\"180\" frameborder=\"0\" webkitallowfullscreen mozallowfullscreen allowfullscreen><\/iframe> [\/vc_column_text][\/vc_column][\/vc_row][vc_row][vc_column][mk_padding_divider size=\u00a0\u00bb80&Prime;][\/vc_column][\/vc_row][vc_row fullwidth=\u00a0\u00bbtrue\u00a0\u00bb][vc_column][mk_fullwidth_slideshow padding=\u00a0\u00bb0&Prime; images=\u00a0\u00bb10336,10337,10334,10335,10338,10339&Prime; stretch_images=\u00a0\u00bbtrue\u00a0\u00bb][mk_button dimension=\u00a0\u00bbflat\u00a0\u00bb size=\u00a0\u00bbx-large\u00a0\u00bb url=\u00a0\u00bbhttp:\/\/divertissementpartytime.ca\/fr\/nous-joindre\u00a0\u00bb align=\u00a0\u00bbcenter\u00a0\u00bb button_custom_width=\u00a0\u00bb350&Prime; margin_top=\u00a0\u00bb30&Prime; margin_bottom=\u00a0\u00bb0&Prime; margin_right=\u00a0\u00bb0&Prime; bg_color=\u00a0\u00bb#ff0078&Prime; btn_hover_bg=\u00a0\u00bb#fd3492&Prime;]R\u00c9SERVEZ MAINTENANT[\/mk_button][\/vc_column][\/vc_row][vc_row][vc_column][mk_padding_divider size=\u00a0\u00bb80&Prime;][\/vc_column][\/vc_row][mk_page_section bg_color=\u00a0\u00bb#ffffff\u00a0\u00bb bg_position=\u00a0\u00bbcenter center\u00a0\u00bb bg_repeat=\u00a0\u00bbno-repeat\u00a0\u00bb bg_stretch=\u00a0\u00bbtrue\u00a0\u00bb video_loop=\u00a0\u00bbfalse\u00a0\u00bb min_height=\u00a0\u00bb400&Prime; js_vertical_centered=\u00a0\u00bbtrue\u00a0\u00bb padding_top=\u00a0\u00bb0&Prime; padding_bottom=\u00a0\u00bb0&Prime; sidebar=\u00a0\u00bbsidebar-1&Prime;][vc_column width=\u00a0\u00bb3\/12&Prime;][\/vc_column][vc_column width=\u00a0\u00bb6\/12&Prime;][mk_fancy_title tag_name=\u00a0\u00bbh3&Prime; color=\u00a0\u00bb#000000&Prime; size=\u00a0\u00bb28&Prime; force_font_size=\u00a0\u00bbtrue\u00a0\u00bb size_tablet=\u00a0\u00bb25&Prime; size_phone=\u00a0\u00bb20&Prime; font_weight=\u00a0\u00bb400&Prime; txt_transform=\u00a0\u00bbuppercase\u00a0\u00bb letter_spacing=\u00a0\u00bb1&Prime; margin_bottom=\u00a0\u00bb0&Prime; font_family=\u00a0\u00bbnone\u00a0\u00bb align=\u00a0\u00bbcenter\u00a0\u00bb animation=\u00a0\u00bbscale-up\u00a0\u00bb]Inscrivez-vous \u00e0 notre infolettre[\/mk_fancy_title][mk_subscribe placeholder_text=\u00a0\u00bbCourriel\u00a0\u00bb button_text=\u00a0\u00bbENVOYER\u00a0\u00bb list_id=\u00a0\u00bb54e1394cfc\u00a0\u00bb space_between=\u00a0\u00bb30&Prime; btn_bg_color=\u00a0\u00bb#ff0078&Prime; btn_text_color=\u00a0\u00bb#ffffff\u00a0\u00bb btn_border_color=\u00a0\u00bb#ff0078&Prime; input_bg_color=\u00a0\u00bb#ffffff\u00a0\u00bb input_placeholder_color=\u00a0\u00bb#666666&Prime; input_border_color=\u00a0\u00bb#cccccc\u00a0\u00bb btn_hover_bg_color=\u00a0\u00bb#d3d3d3&Prime; input_focus_bg_color=\u00a0\u00bb#d3d3d3&Prime; input_focus_placeholder_color=\u00a0\u00bb#ffffff\u00a0\u00bb][\/vc_column][vc_column width=\u00a0\u00bb3\/12&Prime;][\/vc_column][\/mk_page_section][vc_row fullwidth=\u00a0\u00bbtrue\u00a0\u00bb css=\u00a0\u00bb.vc_custom_1489129008865{background-color: #f7f7f8 !important;}\u00a0\u00bb][vc_column][mk_padding_divider size=\u00a0\u00bb100&Prime;][\/vc_column][\/vc_row]\n<p><\/p><\/div>","protected":false},"excerpt":{"rendered":"<p>[vc_row][vc_column][mk_fancy_title color=\u00a0\u00bb#000000&Prime; size=\u00a0\u00bb40&Prime; font_weight=\u00a0\u00bb300&Prime; txt_transform=\u00a0\u00bbuppercase\u00a0\u00bb letter_spacing=\u00a0\u00bb1&Prime; margin_top=\u00a0\u00bb30&Prime; font_family=\u00a0\u00bbnone\u00a0\u00bb align=\u00a0\u00bbcenter\u00a0\u00bb animation=\u00a0\u00bbscale-up\u00a0\u00bb]Photo Booth[\/mk_fancy_title][vc_column_text]Notre Photo Booth personnalis\u00e9 a \u00e9t\u00e9 con\u00e7u par notre \u00e9quipe \u00e0 PTE afin de s\u2019assurer que nous capturons chaque souvenir. Que vous souhaitiez cr\u00e9er des moments d\u2019hyst\u00e9rie ou simplement spontan\u00e9s, notre Photo Booth capturera chaque seconde ! Nous offrons des accessoires et d\u00e9guisements de f\u00eate [&hellip;]<\/p>\n","protected":false},"author":1,"featured_media":0,"parent":0,"menu_order":0,"comment_status":"closed","ping_status":"closed","template":"","meta":{"footnotes":""},"class_list":["post-10516","page","type-page","status-publish","hentry"],"_links":{"self":[{"href":"https:\/\/divertissementpartytime.ca\/fr\/wp-json\/wp\/v2\/pages\/10516","targetHints":{"allow":["GET"]}}],"collection":[{"href":"https:\/\/divertissementpartytime.ca\/fr\/wp-json\/wp\/v2\/pages"}],"about":[{"href":"https:\/\/divertissementpartytime.ca\/fr\/wp-json\/wp\/v2\/types\/page"}],"author":[{"embeddable":true,"href":"https:\/\/divertissementpartytime.ca\/fr\/wp-json\/wp\/v2\/users\/1"}],"replies":[{"embeddable":true,"href":"https:\/\/divertissementpartytime.ca\/fr\/wp-json\/wp\/v2\/comments?post=10516"}],"version-history":[{"count":4,"href":"https:\/\/divertissementpartytime.ca\/fr\/wp-json\/wp\/v2\/pages\/10516\/revisions"}],"predecessor-version":[{"id":10584,"href":"https:\/\/divertissementpartytime.ca\/fr\/wp-json\/wp\/v2\/pages\/10516\/revisions\/10584"}],"wp:attachment":[{"href":"https:\/\/divertissementpartytime.ca\/fr\/wp-json\/wp\/v2\/media?parent=10516"}],"curies":[{"name":"wp","href":"https:\/\/api.w.org\/{rel}","templated":true}]}}