{"id":10513,"date":"2017-12-10T00:35:46","date_gmt":"2017-12-10T05:35:46","guid":{"rendered":"http:\/\/divertissementpartytime.ca\/?page_id=10513"},"modified":"2020-04-23T04:51:14","modified_gmt":"2020-04-23T08:51:14","slug":"galerie","status":"publish","type":"page","link":"https:\/\/divertissementpartytime.ca\/fr\/galerie\/","title":{"rendered":"Galerie"},"content":{"rendered":"<div class=\"wpb-content-wrapper\">[vc_row][vc_column][mk_fancy_title color=\u00a0\u00bb#000000&Prime; size=\u00a0\u00bb40&Prime; font_weight=\u00a0\u00bb300&Prime; txt_transform=\u00a0\u00bbuppercase\u00a0\u00bb letter_spacing=\u00a0\u00bb1&Prime; margin_top=\u00a0\u00bb30&Prime; font_family=\u00a0\u00bbnone\u00a0\u00bb align=\u00a0\u00bbcenter\u00a0\u00bb animation=\u00a0\u00bbscale-up\u00a0\u00bb]Gallery[\/mk_fancy_title][vc_column_text]Chaque mariage est aussi unique que le couple de mariage eux-m\u00eames. Nous aimons entendre vos id\u00e9es et votre vision pour votre mariage, voici quelques moments que nous avons captur\u00e9s lors des \u00e9v\u00e9nements que nous avons organis\u00e9s.[\/vc_column_text][\/vc_column][\/vc_row][vc_row][vc_column][mk_padding_divider size=\u00a0\u00bb80&Prime;][\/vc_column][\/vc_row][vc_row fullwidth=\u00a0\u00bbtrue\u00a0\u00bb fullwidth_content=\u00a0\u00bbfalse\u00a0\u00bb][vc_column width=\u00a0\u00bb2\/3&Prime; css=\u00a0\u00bb.vc_custom_1500357367365{background-color: #ffffff !important;}\u00a0\u00bb][vc_column_text]\n<div id=\"sb_instagram\"  class=\"sbi sbi_mob_col_1 sbi_tab_col_2 sbi_col_3\" style=\"padding-bottom: 10px; background-color: rgb(255,255,255); width: 100%; height: 100%;\"\t data-feedid=\"*1\"  data-res=\"auto\" data-cols=\"3\" data-colsmobile=\"1\" data-colstablet=\"2\" data-num=\"12\" data-nummobile=\"\" data-item-padding=\"5\"\t data-shortcode-atts=\"{&quot;cachetime&quot;:30}\"  data-postid=\"10513\" data-locatornonce=\"3e32e3c9e1\" data-imageaspectratio=\"1:1\" data-sbi-flags=\"favorLocal\">\n\t\n\t<div id=\"sbi_images\"  style=\"gap: 10px;\">\n\t\t\t<\/div>\n\n\t<div id=\"sbi_load\" >\n\n\t\n\t\t\t<span class=\"sbi_follow_btn\" >\n\t\t\t<a target=\"_blank\"\n\t\t\t\trel=\"nofollow noopener\"  href=\"https:\/\/www.instagram.com\/17841401258580927\/\">\n\t\t\t\t<svg class=\"svg-inline--fa fa-instagram fa-w-14\" aria-hidden=\"true\" data-fa-processed=\"\" aria-label=\"Instagram\" data-prefix=\"fab\" data-icon=\"instagram\" role=\"img\" viewBox=\"0 0 448 512\">\n                    <path fill=\"currentColor\" d=\"M224.1 141c-63.6 0-114.9 51.3-114.9 114.9s51.3 114.9 114.9 114.9S339 319.5 339 255.9 287.7 141 224.1 141zm0 189.6c-41.1 0-74.7-33.5-74.7-74.7s33.5-74.7 74.7-74.7 74.7 33.5 74.7 74.7-33.6 74.7-74.7 74.7zm146.4-194.3c0 14.9-12 26.8-26.8 26.8-14.9 0-26.8-12-26.8-26.8s12-26.8 26.8-26.8 26.8 12 26.8 26.8zm76.1 27.2c-1.7-35.9-9.9-67.7-36.2-93.9-26.2-26.2-58-34.4-93.9-36.2-37-2.1-147.9-2.1-184.9 0-35.8 1.7-67.6 9.9-93.9 36.1s-34.4 58-36.2 93.9c-2.1 37-2.1 147.9 0 184.9 1.7 35.9 9.9 67.7 36.2 93.9s58 34.4 93.9 36.2c37 2.1 147.9 2.1 184.9 0 35.9-1.7 67.7-9.9 93.9-36.2 26.2-26.2 34.4-58 36.2-93.9 2.1-37 2.1-147.8 0-184.8zM398.8 388c-7.8 19.6-22.9 34.7-42.6 42.6-29.5 11.7-99.5 9-132.1 9s-102.7 2.6-132.1-9c-19.6-7.8-34.7-22.9-42.6-42.6-11.7-29.5-9-99.5-9-132.1s-2.6-102.7 9-132.1c7.8-19.6 22.9-34.7 42.6-42.6 29.5-11.7 99.5-9 132.1-9s102.7-2.6 132.1 9c19.6 7.8 34.7 22.9 42.6 42.6 11.7 29.5 9 99.5 9 132.1s2.7 102.7-9 132.1z\"><\/path>\n                <\/svg>\t\t\t\t<span>Suivre sur Instagram<\/span>\n\t\t\t<\/a>\n\t\t<\/span>\n\t\n<\/div>\n\t\t<span class=\"sbi_resized_image_data\" data-feed-id=\"*1\"\n\t\t  data-resized=\"[]\">\n\t<\/span>\n\t<\/div>\n\n[\/vc_column_text][\/vc_column][vc_column width=\u00a0\u00bb1\/3&Prime;][vc_row_inner][vc_column_inner css=\u00a0\u00bb.vc_custom_1500356231732{background-color: #ffffff !important;}\u00a0\u00bb][mk_fancy_title tag_name=\u00a0\u00bbh3&Prime; color=\u00a0\u00bb#000000&Prime; size=\u00a0\u00bb30&Prime; txt_transform=\u00a0\u00bbuppercase\u00a0\u00bb letter_spacing=\u00a0\u00bb1&Prime; font_family=\u00a0\u00bbnone\u00a0\u00bb]\nAlbums photos[\/mk_fancy_title][vc_column_text]<a href=\"https:\/\/www.facebook.com\/pg\/divertissementpartytime\/photos\/?tab=album&amp;album_id=1513899558856742\">Mariages<\/a><br \/>\n<a href=\"https:\/\/www.facebook.com\/pg\/divertissementpartytime\/photos\/?tab=album&amp;album_id=1515092558737442\">Entreprise<\/a><br \/>\n<a href=\"https:\/\/www.facebook.com\/pg\/divertissementpartytime\/photos\/?tab=album&amp;album_id=1515090375404327\">D\u00e9cor<\/a><br \/>\n<a href=\"https:\/\/www.facebook.com\/pg\/divertissementpartytime\/photos\/?tab=album&amp;album_id=1460550580858307\">\u00c9v\u00e9nements de graduation<\/a>[\/vc_column_text][\/vc_column_inner][\/vc_row_inner][vc_row_inner css=\u00a0\u00bb.vc_custom_1500356530386{margin-top: 30px !important;}\u00a0\u00bb][vc_column_inner css=\u00a0\u00bb.vc_custom_1500356231732{background-color: #ffffff !important;}\u00a0\u00bb][mk_fancy_title tag_name=\u00a0\u00bbh3&Prime; color=\u00a0\u00bb#000000&Prime; size=\u00a0\u00bb30&Prime; txt_transform=\u00a0\u00bbuppercase\u00a0\u00bb letter_spacing=\u00a0\u00bb1&Prime; font_family=\u00a0\u00bbnone\u00a0\u00bb]Albums vid\u00e9o[\/mk_fancy_title][vc_column_text]<a href=\"https:\/\/vimeo.com\/user56641196\">Voir nos vid\u00e9os<\/a>[\/vc_column_text][\/vc_column_inner][\/vc_row_inner][\/vc_column][\/vc_row][vc_row][vc_column][mk_padding_divider size=\u00a0\u00bb80&Prime;][\/vc_column][\/vc_row][mk_page_section bg_color=\u00a0\u00bb#ffffff\u00a0\u00bb bg_position=\u00a0\u00bbcenter center\u00a0\u00bb bg_repeat=\u00a0\u00bbno-repeat\u00a0\u00bb bg_stretch=\u00a0\u00bbtrue\u00a0\u00bb video_loop=\u00a0\u00bbfalse\u00a0\u00bb min_height=\u00a0\u00bb400&Prime; js_vertical_centered=\u00a0\u00bbtrue\u00a0\u00bb padding_top=\u00a0\u00bb0&Prime; padding_bottom=\u00a0\u00bb0&Prime; sidebar=\u00a0\u00bbsidebar-1&Prime;][vc_column width=\u00a0\u00bb3\/12&Prime;][\/vc_column][vc_column width=\u00a0\u00bb6\/12&Prime;][mk_fancy_title tag_name=\u00a0\u00bbh3&Prime; color=\u00a0\u00bb#000000&Prime; size=\u00a0\u00bb28&Prime; force_font_size=\u00a0\u00bbtrue\u00a0\u00bb size_tablet=\u00a0\u00bb25&Prime; size_phone=\u00a0\u00bb20&Prime; font_weight=\u00a0\u00bb400&Prime; txt_transform=\u00a0\u00bbuppercase\u00a0\u00bb letter_spacing=\u00a0\u00bb1&Prime; margin_bottom=\u00a0\u00bb0&Prime; font_family=\u00a0\u00bbnone\u00a0\u00bb align=\u00a0\u00bbcenter\u00a0\u00bb animation=\u00a0\u00bbscale-up\u00a0\u00bb]Inscrivez-vous \u00e0 notre infolettre[\/mk_fancy_title][mk_subscribe placeholder_text=\u00a0\u00bbCourriel\u00a0\u00bb button_text=\u00a0\u00bbENVOYER\u00a0\u00bb list_id=\u00a0\u00bb54e1394cfc\u00a0\u00bb space_between=\u00a0\u00bb30&Prime; btn_bg_color=\u00a0\u00bb#ff0078&Prime; btn_text_color=\u00a0\u00bb#ffffff\u00a0\u00bb btn_border_color=\u00a0\u00bb#ff0078&Prime; input_bg_color=\u00a0\u00bb#ffffff\u00a0\u00bb input_placeholder_color=\u00a0\u00bb#666666&Prime; input_border_color=\u00a0\u00bb#cccccc\u00a0\u00bb btn_hover_bg_color=\u00a0\u00bb#d3d3d3&Prime; input_focus_bg_color=\u00a0\u00bb#d3d3d3&Prime; input_focus_placeholder_color=\u00a0\u00bb#ffffff\u00a0\u00bb][\/vc_column][vc_column width=\u00a0\u00bb3\/12&Prime;][\/vc_column][\/mk_page_section][vc_row fullwidth=\u00a0\u00bbtrue\u00a0\u00bb css=\u00a0\u00bb.vc_custom_1489129008865{background-color: #f7f7f8 !important;}\u00a0\u00bb][vc_column][mk_padding_divider size=\u00a0\u00bb100&Prime;][\/vc_column][\/vc_row]\n<p><\/p><\/div>","protected":false},"excerpt":{"rendered":"<p>[vc_row][vc_column][mk_fancy_title color=\u00a0\u00bb#000000&Prime; size=\u00a0\u00bb40&Prime; font_weight=\u00a0\u00bb300&Prime; txt_transform=\u00a0\u00bbuppercase\u00a0\u00bb letter_spacing=\u00a0\u00bb1&Prime; margin_top=\u00a0\u00bb30&Prime; font_family=\u00a0\u00bbnone\u00a0\u00bb align=\u00a0\u00bbcenter\u00a0\u00bb animation=\u00a0\u00bbscale-up\u00a0\u00bb]Gallery[\/mk_fancy_title][vc_column_text]Chaque mariage est aussi unique que le couple de mariage eux-m\u00eames. Nous aimons entendre vos id\u00e9es et votre vision pour votre mariage, voici quelques moments que nous avons captur\u00e9s lors des \u00e9v\u00e9nements que nous avons organis\u00e9s.[\/vc_column_text][\/vc_column][\/vc_row][vc_row][vc_column][mk_padding_divider size=\u00a0\u00bb80&Prime;][\/vc_column][\/vc_row][vc_row fullwidth=\u00a0\u00bbtrue\u00a0\u00bb fullwidth_content=\u00a0\u00bbfalse\u00a0\u00bb][vc_column width=\u00a0\u00bb2\/3&Prime; css=\u00a0\u00bb.vc_custom_1500357367365{background-color: #ffffff !important;}\u00a0\u00bb][vc_column_text][\/vc_column_text][\/vc_column][vc_column width=\u00a0\u00bb1\/3&Prime;][vc_row_inner][vc_column_inner css=\u00a0\u00bb.vc_custom_1500356231732{background-color: #ffffff [&hellip;]<\/p>\n","protected":false},"author":1,"featured_media":0,"parent":0,"menu_order":0,"comment_status":"closed","ping_status":"closed","template":"","meta":{"footnotes":""},"class_list":["post-10513","page","type-page","status-publish","hentry"],"_links":{"self":[{"href":"https:\/\/divertissementpartytime.ca\/fr\/wp-json\/wp\/v2\/pages\/10513","targetHints":{"allow":["GET"]}}],"collection":[{"href":"https:\/\/divertissementpartytime.ca\/fr\/wp-json\/wp\/v2\/pages"}],"about":[{"href":"https:\/\/divertissementpartytime.ca\/fr\/wp-json\/wp\/v2\/types\/page"}],"author":[{"embeddable":true,"href":"https:\/\/divertissementpartytime.ca\/fr\/wp-json\/wp\/v2\/users\/1"}],"replies":[{"embeddable":true,"href":"https:\/\/divertissementpartytime.ca\/fr\/wp-json\/wp\/v2\/comments?post=10513"}],"version-history":[{"count":5,"href":"https:\/\/divertissementpartytime.ca\/fr\/wp-json\/wp\/v2\/pages\/10513\/revisions"}],"predecessor-version":[{"id":10760,"href":"https:\/\/divertissementpartytime.ca\/fr\/wp-json\/wp\/v2\/pages\/10513\/revisions\/10760"}],"wp:attachment":[{"href":"https:\/\/divertissementpartytime.ca\/fr\/wp-json\/wp\/v2\/media?parent=10513"}],"curies":[{"name":"wp","href":"https:\/\/api.w.org\/{rel}","templated":true}]}}