{"id":10498,"date":"2017-12-09T17:40:22","date_gmt":"2017-12-09T22:40:22","guid":{"rendered":"http:\/\/divertissementpartytime.ca\/?page_id=10498"},"modified":"2017-12-10T02:12:05","modified_gmt":"2017-12-10T07:12:05","slug":"services","status":"publish","type":"page","link":"https:\/\/divertissementpartytime.ca\/fr\/services\/","title":{"rendered":"Services"},"content":{"rendered":"<div class=\"wpb-content-wrapper\">[mk_page_section layout_structure=\u00a0\u00bbhalf_left\u00a0\u00bb bg_image=\u00a0\u00bbhttp:\/\/aura-designs.net\/clients\/partytime\/wp-content\/uploads\/2017\/03\/dj-and-music-1.jpg\u00a0\u00bb video_loop=\u00a0\u00bbfalse\u00a0\u00bb full_height=\u00a0\u00bbtrue\u00a0\u00bb padding_top=\u00a0\u00bb0&Prime; padding_bottom=\u00a0\u00bb0&Prime;][vc_column][mk_fancy_title tag_name=\u00a0\u00bbh3&Prime; color=\u00a0\u00bb#000000&Prime; size=\u00a0\u00bb36&Prime; force_font_size=\u00a0\u00bbtrue\u00a0\u00bb size_tablet=\u00a0\u00bb35&Prime; size_phone=\u00a0\u00bb25&Prime; font_weight=\u00a0\u00bb300&Prime; txt_transform=\u00a0\u00bbuppercase\u00a0\u00bb font_family=\u00a0\u00bbnone\u00a0\u00bb]DJ ET MUSIQUE[\/mk_fancy_title][vc_column_text margin_bottom=\u00a0\u00bb20&Prime;]Nous offrons nos services de musique et dj pendant toute la dur\u00e9e de l\u2019\u00e9v\u00e8nement. Depuis la c\u00e9r\u00e9monie, au cocktail et \u00e0 la r\u00e9ception, nous nous assurons de faire en sorte que tout soit appr\u00e9ciable par vos invit\u00e9s et vous![\/vc_column_text][mk_button dimension=\u00a0\u00bbflat\u00a0\u00bb size=\u00a0\u00bblarge\u00a0\u00bb url=\u00a0\u00bbhttp:\/\/divertissementpartytime.ca\/fr\/nous-joindre\/\u00a0\u00bb margin_top=\u00a0\u00bb20&Prime; margin_bottom=\u00a0\u00bb30&Prime; margin_right=\u00a0\u00bb0&Prime; bg_color=\u00a0\u00bb#ff0078&Prime; btn_hover_bg=\u00a0\u00bb#fd3492&Prime;]R\u00c9SERVEZ MAINTENANT[\/mk_button][\/vc_column][\/mk_page_section][mk_page_section layout_structure=\u00a0\u00bbhalf_right\u00a0\u00bb bg_image=\u00a0\u00bbhttp:\/\/aura-designs.net\/clients\/partytime\/wp-content\/uploads\/2017\/03\/emcee-animation.jpg\u00a0\u00bb video_loop=\u00a0\u00bbfalse\u00a0\u00bb full_height=\u00a0\u00bbtrue\u00a0\u00bb padding_top=\u00a0\u00bb0&Prime; padding_bottom=\u00a0\u00bb0&Prime;][vc_column][mk_fancy_title tag_name=\u00a0\u00bbh3&Prime; color=\u00a0\u00bb#000000&Prime; size=\u00a0\u00bb36&Prime; force_font_size=\u00a0\u00bbtrue\u00a0\u00bb size_tablet=\u00a0\u00bb35&Prime; size_phone=\u00a0\u00bb25&Prime; font_weight=\u00a0\u00bb300&Prime; txt_transform=\u00a0\u00bbuppercase\u00a0\u00bb font_family=\u00a0\u00bbnone\u00a0\u00bb]MA\u00ceTRE DE C\u00c9R\u00c9MONIE\/ ANIMATION[\/mk_fancy_title][vc_column_text margin_bottom=\u00a0\u00bb20&Prime;]Notre \u00e9quipe jeune et dynamique de ma\u00eetre de c\u00e9r\u00e9monie et animateurs sont l\u00e0 pour am\u00e9liorer votre exp\u00e9rience sur la piste de danse. Nous faisons ressortir le f\u00eatard qui se cache \u00e0 l\u2019int\u00e9rieur de tous gr\u00e2ce \u00e0 une animation unique et cr\u00e9ative. Avec le divertissement d\u2019une f\u00eate, il n\u2019y a jamais de moments ennuyeux sur la piste de danse![\/vc_column_text][mk_button dimension=\u00a0\u00bbflat\u00a0\u00bb size=\u00a0\u00bblarge\u00a0\u00bb url=\u00a0\u00bbhttp:\/\/divertissementpartytime.ca\/fr\/nous-joindre\u00a0\u00bb margin_top=\u00a0\u00bb20&Prime; margin_bottom=\u00a0\u00bb30&Prime; margin_right=\u00a0\u00bb0&Prime; bg_color=\u00a0\u00bb#ff0078&Prime; btn_hover_bg=\u00a0\u00bb#fd3492&Prime;]R\u00c9SERVEZ MAINTENANT[\/mk_button][\/vc_column][\/mk_page_section][mk_page_section layout_structure=\u00a0\u00bbhalf_left\u00a0\u00bb bg_image=\u00a0\u00bbhttp:\/\/aura-designs.net\/clients\/partytime\/wp-content\/uploads\/2017\/03\/dancers-2.jpg\u00a0\u00bb video_loop=\u00a0\u00bbfalse\u00a0\u00bb full_height=\u00a0\u00bbtrue\u00a0\u00bb padding_top=\u00a0\u00bb0&Prime; padding_bottom=\u00a0\u00bb0&Prime;][vc_column][mk_fancy_title tag_name=\u00a0\u00bbh3&Prime; color=\u00a0\u00bb#000000&Prime; size=\u00a0\u00bb36&Prime; force_font_size=\u00a0\u00bbtrue\u00a0\u00bb size_tablet=\u00a0\u00bb35&Prime; size_phone=\u00a0\u00bb25&Prime; font_weight=\u00a0\u00bb300&Prime; txt_transform=\u00a0\u00bbuppercase\u00a0\u00bb font_family=\u00a0\u00bbnone\u00a0\u00bb]DANSEURS[\/mk_fancy_title][vc_column_text margin_bottom=\u00a0\u00bb20&Prime;]Juste au moment o\u00f9 vous pensez que la f\u00eate est \u00e0 son comble gr\u00e2ce \u00e0 notre \u00e9quipe, nos danseurs professionnels vous rejoignent sur la piste de danse et mettent encore plus l\u2019ambiance.[\/vc_column_text][mk_button dimension=\u00a0\u00bbflat\u00a0\u00bb size=\u00a0\u00bblarge\u00a0\u00bb url=\u00a0\u00bbhttp:\/\/divertissementpartytime.ca\/fr\/nous-joindre\u00a0\u00bb margin_top=\u00a0\u00bb20&Prime; margin_bottom=\u00a0\u00bb30&Prime; margin_right=\u00a0\u00bb0&Prime; bg_color=\u00a0\u00bb#ff0078&Prime; btn_hover_bg=\u00a0\u00bb#fd3492&Prime;]R\u00c9SERVEZ MAINTENANT[\/mk_button][\/vc_column][\/mk_page_section][mk_page_section layout_structure=\u00a0\u00bbhalf_right\u00a0\u00bb bg_image=\u00a0\u00bbhttp:\/\/aura-designs.net\/clients\/partytime\/wp-content\/uploads\/2017\/03\/decor-services-1.jpg\u00a0\u00bb video_loop=\u00a0\u00bbfalse\u00a0\u00bb full_height=\u00a0\u00bbtrue\u00a0\u00bb padding_top=\u00a0\u00bb0&Prime; padding_bottom=\u00a0\u00bb0&Prime;][vc_column][mk_fancy_title tag_name=\u00a0\u00bbh3&Prime; color=\u00a0\u00bb#000000&Prime; size=\u00a0\u00bb36&Prime; force_font_size=\u00a0\u00bbtrue\u00a0\u00bb size_tablet=\u00a0\u00bb35&Prime; size_phone=\u00a0\u00bb25&Prime; font_weight=\u00a0\u00bb300&Prime; txt_transform=\u00a0\u00bbuppercase\u00a0\u00bb font_family=\u00a0\u00bbnone\u00a0\u00bb]D\u00c9COR[\/mk_fancy_title][vc_column_text margin_bottom=\u00a0\u00bb20&Prime;]Party Time Entertainment offre une large s\u00e9lection d\u2019articles en location, comme des sofas, des fauteuils, des tabourets, du mobilier en acrylique avec des DEL, des bars, des \u00e9quipements audio-visuels et bien plus.<\/p>\n<p>Notre \u00e9quipe de sp\u00e9cialistes exp\u00e9riment\u00e9s peut vous aider \u00e0 embellir le lieu de votre \u00e9v\u00e8nement \u00e0 l\u2019aide de plusieurs accessoires, tentures, \u00e9clairages et mobiliers.[\/vc_column_text][mk_button dimension=\u00a0\u00bbflat\u00a0\u00bb size=\u00a0\u00bblarge\u00a0\u00bb url=\u00a0\u00bbhttp:\/\/divertissementpartytime.ca\/fr\/nous-joindre\u00a0\u00bb margin_top=\u00a0\u00bb20&Prime; margin_bottom=\u00a0\u00bb30&Prime; margin_right=\u00a0\u00bb0&Prime; bg_color=\u00a0\u00bb#ff0078&Prime; btn_hover_bg=\u00a0\u00bb#fd3492&Prime;]R\u00c9SERVEZ MAINTENANT[\/mk_button][\/vc_column][\/mk_page_section][mk_page_section layout_structure=\u00a0\u00bbhalf_left\u00a0\u00bb bg_image=\u00a0\u00bbhttp:\/\/aura-designs.net\/clients\/partytime\/wp-content\/uploads\/2017\/03\/photographers-videographers.jpg\u00a0\u00bb video_loop=\u00a0\u00bbfalse\u00a0\u00bb full_height=\u00a0\u00bbtrue\u00a0\u00bb padding_top=\u00a0\u00bb0&Prime; padding_bottom=\u00a0\u00bb0&Prime;][vc_column][mk_fancy_title tag_name=\u00a0\u00bbh3&Prime; color=\u00a0\u00bb#000000&Prime; size=\u00a0\u00bb36&Prime; force_font_size=\u00a0\u00bbtrue\u00a0\u00bb size_tablet=\u00a0\u00bb35&Prime; size_phone=\u00a0\u00bb25&Prime; font_weight=\u00a0\u00bb300&Prime; txt_transform=\u00a0\u00bbuppercase\u00a0\u00bb font_family=\u00a0\u00bbnone\u00a0\u00bb]PHOTOGRAPHIE ET VIDEOGRAPHIE[\/mk_fancy_title][vc_column_text margin_bottom=\u00a0\u00bb20&Prime;]Nous collaborons avec un groupe de photographes et vid\u00e9ographes professionnels. Ce service est offert \u00e0 partir de n\u2019importe quel moment de la journ\u00e9e, selon les besoins de votre \u00e9v\u00e8nement. Des albums photos \u00e9l\u00e9gants sont une excellente fa\u00e7on de garder vos souvenirs pendant longtemps. Contactez-nous pour en savoir plus au sujet de l\u2019association de ces diff\u00e9rents services afin d\u2019\u00e9tablir un tarif imbattable.[\/vc_column_text][mk_button dimension=\u00a0\u00bbflat\u00a0\u00bb size=\u00a0\u00bblarge\u00a0\u00bb url=\u00a0\u00bbhttp:\/\/divertissementpartytime.ca\/fr\/nous-joindre\u00a0\u00bb margin_top=\u00a0\u00bb20&Prime; margin_bottom=\u00a0\u00bb30&Prime; margin_right=\u00a0\u00bb0&Prime; bg_color=\u00a0\u00bb#ff0078&Prime; btn_hover_bg=\u00a0\u00bb#fd3492&Prime;]R\u00c9SERVEZ MAINTENANT[\/mk_button][\/vc_column][\/mk_page_section][mk_page_section layout_structure=\u00a0\u00bbhalf_right\u00a0\u00bb bg_image=\u00a0\u00bbhttp:\/\/aura-designs.net\/clients\/partytime\/wp-content\/uploads\/2017\/03\/photobooth-1.jpg\u00a0\u00bb video_loop=\u00a0\u00bbfalse\u00a0\u00bb full_height=\u00a0\u00bbtrue\u00a0\u00bb padding_top=\u00a0\u00bb0&Prime; padding_bottom=\u00a0\u00bb0&Prime;][vc_column][mk_fancy_title tag_name=\u00a0\u00bbh3&Prime; color=\u00a0\u00bb#000000&Prime; size=\u00a0\u00bb36&Prime; force_font_size=\u00a0\u00bbtrue\u00a0\u00bb size_tablet=\u00a0\u00bb35&Prime; size_phone=\u00a0\u00bb25&Prime; font_weight=\u00a0\u00bb300&Prime; txt_transform=\u00a0\u00bbuppercase\u00a0\u00bb font_family=\u00a0\u00bbnone\u00a0\u00bb]PHOTO BOOTH[\/mk_fancy_title][vc_column_text margin_bottom=\u00a0\u00bb20&Prime;]Chez PTE, notre \u00e9quipe et nos photographes se rassemblent pour cr\u00e9er un produit fantastique et divertissant. Notre PhotoCube personnalisable a \u00e9t\u00e9 con\u00e7u afin de cr\u00e9er une exp\u00e9rience unique lors de tout \u00e9v\u00e8nement. Venez nous rendre visite afin d\u2019obtenir plus d\u2019informations et savoir \u00e0 quel point notre PhotoCube est ce qu\u2019il y a de mieux pour un \u00e9v\u00e8nement.[\/vc_column_text][mk_button dimension=\u00a0\u00bbflat\u00a0\u00bb size=\u00a0\u00bblarge\u00a0\u00bb url=\u00a0\u00bbhttp:\/\/divertissementpartytime.ca\/fr\/nous-joindre\u00a0\u00bb margin_top=\u00a0\u00bb20&Prime; margin_bottom=\u00a0\u00bb30&Prime; margin_right=\u00a0\u00bb0&Prime; bg_color=\u00a0\u00bb#ff0078&Prime; btn_hover_bg=\u00a0\u00bb#fd3492&Prime;]R\u00c9SERVEZ MAINTENANT[\/mk_button][\/vc_column][\/mk_page_section][mk_page_section layout_structure=\u00a0\u00bbhalf_left\u00a0\u00bb bg_image=\u00a0\u00bbhttp:\/\/aura-designs.net\/clients\/partytime\/wp-content\/uploads\/2017\/03\/dj-and-music.jpg\u00a0\u00bb video_loop=\u00a0\u00bbfalse\u00a0\u00bb full_height=\u00a0\u00bbtrue\u00a0\u00bb padding_top=\u00a0\u00bb0&Prime; padding_bottom=\u00a0\u00bb0&Prime;][vc_column][mk_fancy_title tag_name=\u00a0\u00bbh3&Prime; color=\u00a0\u00bb#000000&Prime; size=\u00a0\u00bb36&Prime; force_font_size=\u00a0\u00bbtrue\u00a0\u00bb size_tablet=\u00a0\u00bb35&Prime; size_phone=\u00a0\u00bb25&Prime; font_weight=\u00a0\u00bb300&Prime; txt_transform=\u00a0\u00bbuppercase\u00a0\u00bb font_family=\u00a0\u00bbnone\u00a0\u00bb]LOCATION D\u2019\u00c9QUIPEMENTS AUDIO-VISUELS[\/mk_fancy_title][vc_column_text margin_bottom=\u00a0\u00bb20&Prime;]Que ce soit pour un \u00e9v\u00e8nement d\u2019entreprise, des conf\u00e9rences, une pr\u00e9sentation, nous mettons \u00e0 votre disposition tous les \u00e9quipements dont vous avez besoin pour votre \u00e9v\u00e8nement. Nous offrons des microphones avec ou sans fil, des syst\u00e8mes de sonorisation, de l\u2019\u00e9clairage, des t\u00e9l\u00e9viseurs DEL, des projecteurs, des \u00e9crans de projection, des \u00e9quipements de dj, etc.<\/p>\n<p>Et bien plus ! Nous ne nous arr\u00eatons pas l\u00e0 ! Nous garantissons qu\u2019aucun d\u00e9tail ne sera laiss\u00e9 de c\u00f4t\u00e9.[\/vc_column_text][mk_button dimension=\u00a0\u00bbflat\u00a0\u00bb size=\u00a0\u00bblarge\u00a0\u00bb url=\u00a0\u00bbhttp:\/\/divertissementpartytime.ca\/fr\/nous-joindre\u00a0\u00bb margin_top=\u00a0\u00bb20&Prime; margin_bottom=\u00a0\u00bb30&Prime; margin_right=\u00a0\u00bb0&Prime; bg_color=\u00a0\u00bb#ff0078&Prime; btn_hover_bg=\u00a0\u00bb#fd3492&Prime;]R\u00c9SERVEZ MAINTENANT[\/mk_button][\/vc_column][\/mk_page_section][mk_page_section bg_color=\u00a0\u00bb#ffffff\u00a0\u00bb bg_position=\u00a0\u00bbcenter center\u00a0\u00bb bg_repeat=\u00a0\u00bbno-repeat\u00a0\u00bb bg_stretch=\u00a0\u00bbtrue\u00a0\u00bb video_loop=\u00a0\u00bbfalse\u00a0\u00bb min_height=\u00a0\u00bb400&Prime; js_vertical_centered=\u00a0\u00bbtrue\u00a0\u00bb padding_top=\u00a0\u00bb0&Prime; padding_bottom=\u00a0\u00bb0&Prime; sidebar=\u00a0\u00bbsidebar-1&Prime;][vc_column width=\u00a0\u00bb3\/12&Prime;][\/vc_column][vc_column width=\u00a0\u00bb6\/12&Prime;][mk_fancy_title tag_name=\u00a0\u00bbh3&Prime; color=\u00a0\u00bb#000000&Prime; size=\u00a0\u00bb28&Prime; force_font_size=\u00a0\u00bbtrue\u00a0\u00bb size_tablet=\u00a0\u00bb25&Prime; size_phone=\u00a0\u00bb20&Prime; font_weight=\u00a0\u00bb400&Prime; txt_transform=\u00a0\u00bbuppercase\u00a0\u00bb letter_spacing=\u00a0\u00bb1&Prime; margin_bottom=\u00a0\u00bb0&Prime; font_family=\u00a0\u00bbnone\u00a0\u00bb align=\u00a0\u00bbcenter\u00a0\u00bb]Inscrivez-vous \u00e0 notre infolettre[\/mk_fancy_title][mk_subscribe placeholder_text=\u00a0\u00bbCourriel\u00a0\u00bb button_text=\u00a0\u00bbENVOYER\u00a0\u00bb list_id=\u00a0\u00bb54e1394cfc\u00a0\u00bb space_between=\u00a0\u00bb30&Prime; btn_bg_color=\u00a0\u00bb#ff0078&Prime; btn_text_color=\u00a0\u00bb#ffffff\u00a0\u00bb btn_border_color=\u00a0\u00bb#ff0078&Prime; input_bg_color=\u00a0\u00bb#ffffff\u00a0\u00bb input_placeholder_color=\u00a0\u00bb#666666&Prime; input_border_color=\u00a0\u00bb#cccccc\u00a0\u00bb btn_hover_bg_color=\u00a0\u00bb#d3d3d3&Prime; input_focus_bg_color=\u00a0\u00bb#d3d3d3&Prime; input_focus_placeholder_color=\u00a0\u00bb#ffffff\u00a0\u00bb][\/vc_column][vc_column width=\u00a0\u00bb3\/12&Prime;][\/vc_column][\/mk_page_section][vc_row fullwidth=\u00a0\u00bbtrue\u00a0\u00bb css=\u00a0\u00bb.vc_custom_1489129063500{background-color: #f7f7f8 !important;}\u00a0\u00bb][vc_column][mk_padding_divider size=\u00a0\u00bb100&Prime;][\/vc_column][\/vc_row]\n<p><\/p><\/div>","protected":false},"excerpt":{"rendered":"<p>[mk_page_section layout_structure=\u00a0\u00bbhalf_left\u00a0\u00bb bg_image=\u00a0\u00bbhttp:\/\/aura-designs.net\/clients\/partytime\/wp-content\/uploads\/2017\/03\/dj-and-music-1.jpg\u00a0\u00bb video_loop=\u00a0\u00bbfalse\u00a0\u00bb full_height=\u00a0\u00bbtrue\u00a0\u00bb padding_top=\u00a0\u00bb0&Prime; padding_bottom=\u00a0\u00bb0&Prime;][vc_column][mk_fancy_title tag_name=\u00a0\u00bbh3&Prime; color=\u00a0\u00bb#000000&Prime; size=\u00a0\u00bb36&Prime; force_font_size=\u00a0\u00bbtrue\u00a0\u00bb size_tablet=\u00a0\u00bb35&Prime; size_phone=\u00a0\u00bb25&Prime; font_weight=\u00a0\u00bb300&Prime; txt_transform=\u00a0\u00bbuppercase\u00a0\u00bb font_family=\u00a0\u00bbnone\u00a0\u00bb]DJ ET MUSIQUE[\/mk_fancy_title][vc_column_text margin_bottom=\u00a0\u00bb20&Prime;]Nous offrons nos services de musique et dj pendant toute la dur\u00e9e de l\u2019\u00e9v\u00e8nement. Depuis la c\u00e9r\u00e9monie, au cocktail et \u00e0 la r\u00e9ception, nous nous assurons de faire en sorte que tout soit appr\u00e9ciable par vos invit\u00e9s [&hellip;]<\/p>\n","protected":false},"author":1,"featured_media":0,"parent":0,"menu_order":0,"comment_status":"closed","ping_status":"closed","template":"","meta":{"footnotes":""},"class_list":["post-10498","page","type-page","status-publish","hentry"],"_links":{"self":[{"href":"https:\/\/divertissementpartytime.ca\/fr\/wp-json\/wp\/v2\/pages\/10498","targetHints":{"allow":["GET"]}}],"collection":[{"href":"https:\/\/divertissementpartytime.ca\/fr\/wp-json\/wp\/v2\/pages"}],"about":[{"href":"https:\/\/divertissementpartytime.ca\/fr\/wp-json\/wp\/v2\/types\/page"}],"author":[{"embeddable":true,"href":"https:\/\/divertissementpartytime.ca\/fr\/wp-json\/wp\/v2\/users\/1"}],"replies":[{"embeddable":true,"href":"https:\/\/divertissementpartytime.ca\/fr\/wp-json\/wp\/v2\/comments?post=10498"}],"version-history":[{"count":6,"href":"https:\/\/divertissementpartytime.ca\/fr\/wp-json\/wp\/v2\/pages\/10498\/revisions"}],"predecessor-version":[{"id":10568,"href":"https:\/\/divertissementpartytime.ca\/fr\/wp-json\/wp\/v2\/pages\/10498\/revisions\/10568"}],"wp:attachment":[{"href":"https:\/\/divertissementpartytime.ca\/fr\/wp-json\/wp\/v2\/media?parent=10498"}],"curies":[{"name":"wp","href":"https:\/\/api.w.org\/{rel}","templated":true}]}}