{"id":10471,"date":"2017-12-05T22:08:53","date_gmt":"2017-12-06T03:08:53","guid":{"rendered":"http:\/\/divertissementpartytime.ca\/?page_id=10471"},"modified":"2020-04-23T01:06:11","modified_gmt":"2020-04-23T05:06:11","slug":"accueil","status":"publish","type":"page","link":"https:\/\/divertissementpartytime.ca\/fr\/","title":{"rendered":"Accueil"},"content":{"rendered":"<div class=\"wpb-content-wrapper\">\n<div class=\"wp-block-themepunch-revslider revslider\" data-slidertitle=\"Main Menu French\">\n\t\t\t<!-- START Main Menu French REVOLUTION SLIDER 6.7.35 --><p class=\"rs-p-wp-fix\"><\/p>\n\t\t\t<rs-module-wrap id=\"rev_slider_3_1_wrapper\" data-source=\"gallery\" style=\"visibility:hidden;background:#0a0a0a;padding:0;\">\n\t\t\t\t<rs-module id=\"rev_slider_3_1\" style=\"\" data-version=\"6.7.35\">\n\t\t\t\t\t<rs-slides style=\"overflow: hidden; position: absolute;\">\n\t\t\t\t\t\t<rs-slide style=\"position: absolute;\" data-key=\"rs-4\" data-title=\"Slide\" data-thumb=\"\/\/divertissementpartytime.ca\/wp-content\/uploads\/2020\/04\/website-100x50.png\" data-duration=\"9180\" data-anim=\"ms:300;p:dark;\" data-in=\"o:0;\" data-out=\"o:0;\">\n\t\t\t\t\t\t\t<img decoding=\"async\" src=\"\/\/divertissementpartytime.ca\/wp-content\/plugins\/revslider\/sr6\/assets\/assets\/dummy.png\" alt=\"\" title=\"Accueil\" class=\"rev-slidebg tp-rs-img rs-lazyload\" data-lazyload=\"\/\/divertissementpartytime.ca\/wp-content\/uploads\/2020\/04\/website.png\" data-no-retina>\n\t\t\t\t\t\t\t<rs-bgvideo \n\t\t\t\t\t\t\t\tdata-video=\"vc:none;w:100%;h:100%;nse:false;l:true;ptimer:false;\"\n\t\t\t\t\t\t\t\tdata-vimeoid=\"410865138\"\n\t\t\t\t\t\t\t\tdata-vatr=\"background=1&amp;title=0&amp;byline=0&amp;portrait=0&amp;api=1\"\n\t\t\t\t\t\t\t><\/rs-bgvideo>\n<!--\n\t\t\t\t\t\t\t--><rs-layer\n\t\t\t\t\t\t\t\tid=\"slider-3-slide-4-layer-1\" \n\t\t\t\t\t\t\t\tdata-type=\"text\"\n\t\t\t\t\t\t\t\tdata-color=\"#ffffff\"\n\t\t\t\t\t\t\t\tdata-rsp_ch=\"on\"\n\t\t\t\t\t\t\t\tdata-xy=\"x:c;y:c;yo:-98px;\"\n\t\t\t\t\t\t\t\tdata-text=\"s:50;l:50;ls:0px;a:inherit;\"\n\t\t\t\t\t\t\t\tdata-dim=\"w:883px;h:59px;\"\n\t\t\t\t\t\t\t\tdata-frame_0=\"sX:0.9;sY:0.9;tp:600;\"\n\t\t\t\t\t\t\t\tdata-frame_1=\"tp:600;sp:3560;sR:10;\"\n\t\t\t\t\t\t\t\tdata-frame_999=\"sX:0.7;sY:0.7;o:0;rZ:0deg;tp:600;e:back.in;st:w;sp:10;sR:5610;\"\n\t\t\t\t\t\t\t\tdata-frame_999_mask=\"u:t;\"\n\t\t\t\t\t\t\t\tstyle=\"z-index:5;font-family:'Open Sans';\"\n\t\t\t\t\t\t\t>Pour un moment inoubliable, appelez \n\t\t\t\t\t\t\t<\/rs-layer><!--\n\n\t\t\t\t\t\t\t--><a\n\t\t\t\t\t\t\t\tid=\"slider-3-slide-4-layer-4\" \n\t\t\t\t\t\t\t\tclass=\"rs-layer rev-btn\"\n\t\t\t\t\t\t\t\thref=\"http:\/\/divertissementpartytime.ca\/packages\/\" target=\"_self\"\n\t\t\t\t\t\t\t\tdata-type=\"button\"\n\t\t\t\t\t\t\t\tdata-color=\"rgba(255,255,255,1)\"\n\t\t\t\t\t\t\t\tdata-xy=\"x:c;y:c;yo:107px;\"\n\t\t\t\t\t\t\t\tdata-text=\"s:15;l:17;fw:500;a:center;\"\n\t\t\t\t\t\t\t\tdata-dim=\"w:199px;h:43px;\"\n\t\t\t\t\t\t\t\tdata-rsp_bd=\"off\"\n\t\t\t\t\t\t\t\tdata-padding=\"t:12;r:35;b:12;l:35;\"\n\t\t\t\t\t\t\t\tdata-border=\"bor:3px,3px,3px,3px;\"\n\t\t\t\t\t\t\t\tdata-frame_0=\"tp:600;\"\n\t\t\t\t\t\t\t\tdata-frame_1=\"tp:600;st:7340;sp:1020;sR:7340;\"\n\t\t\t\t\t\t\t\tdata-frame_999=\"o:0;tp:600;st:w;sp:10;sR:820;\"\n\t\t\t\t\t\t\t\tdata-frame_hover=\"c:#000;bgc:#fff;boc:#000;bor:3px,3px,3px,3px;bos:solid;oX:50;oY:50;sp:0;e:none;\"\n\t\t\t\t\t\t\t\tstyle=\"z-index:6;background-color:#ff003f;font-family:'Roboto';cursor:pointer;outline:none;box-shadow:none;box-sizing:border-box;-moz-box-sizing:border-box;-webkit-box-sizing:border-box;\"\n\t\t\t\t\t\t\t>Reserve maintenant \n\t\t\t\t\t\t\t<\/a><!--\n\n\t\t\t\t\t\t\t--><rs-layer\n\t\t\t\t\t\t\t\tid=\"slider-3-slide-4-layer-6\" \n\t\t\t\t\t\t\t\tdata-type=\"text\"\n\t\t\t\t\t\t\t\tdata-color=\"#ffffff\"\n\t\t\t\t\t\t\t\tdata-rsp_ch=\"on\"\n\t\t\t\t\t\t\t\tdata-xy=\"x:c;xo:-2px;y:c;\"\n\t\t\t\t\t\t\t\tdata-text=\"s:40;l:55;a:inherit;\"\n\t\t\t\t\t\t\t\tdata-frame_0=\"sX:0.9;sY:0.9;tp:600;\"\n\t\t\t\t\t\t\t\tdata-frame_1=\"tp:600;st:4100;sp:1500;sR:4100;\"\n\t\t\t\t\t\t\t\tdata-frame_999=\"sX:0.7;sY:0.7;o:0;rZ:0deg;tp:600;e:back.in;st:w;sp:500;sR:3580;\"\n\t\t\t\t\t\t\t\tdata-frame_999_mask=\"u:t;\"\n\t\t\t\t\t\t\t\tstyle=\"z-index:7;font-family:'Open Sans';\"\n\t\t\t\t\t\t\t>Divertissement Party Time \n\t\t\t\t\t\t\t<\/rs-layer><!--\n\n\t\t\t\t\t\t\t--><rs-layer\n\t\t\t\t\t\t\t\tid=\"slider-3-slide-4-layer-7\" \n\t\t\t\t\t\t\t\tclass=\"tp-shape tp-shapewrapper\"\n\t\t\t\t\t\t\t\tdata-type=\"shape\"\n\t\t\t\t\t\t\t\tdata-rsp_ch=\"on\"\n\t\t\t\t\t\t\t\tdata-xy=\"x:c;y:392px;\"\n\t\t\t\t\t\t\t\tdata-text=\"a:inherit;\"\n\t\t\t\t\t\t\t\tdata-dim=\"w:504px;h:3px;\"\n\t\t\t\t\t\t\t\tdata-frame_0=\"tp:600;\"\n\t\t\t\t\t\t\t\tdata-frame_1=\"tp:600;st:3470;sp:1500;sR:3470;\"\n\t\t\t\t\t\t\t\tdata-frame_999=\"o:0;tp:600;st:w;sp:350;sR:4210;\"\n\t\t\t\t\t\t\t\tstyle=\"z-index:8;background-color:#fc004f;\"\n\t\t\t\t\t\t\t> \n\t\t\t\t\t\t\t<\/rs-layer><!--\n-->\t\t\t\t\t<\/rs-slide>\n\t\t\t\t\t\t<rs-slide style=\"position: absolute;\" data-key=\"rs-6\" data-title=\"slide\" data-thumb=\"\/\/divertissementpartytime.ca\/wp-content\/uploads\/2020\/04\/dsc_8446-1-scaled-100x50.jpg\" data-anim=\"ms:600;p:dark;\" data-in=\"o:0;\" data-out=\"o:0;\">\n\t\t\t\t\t\t\t<img decoding=\"async\" src=\"\/\/divertissementpartytime.ca\/wp-content\/plugins\/revslider\/sr6\/assets\/assets\/dummy.png\" alt=\"\" title=\"Accueil\" class=\"rev-slidebg tp-rs-img rs-lazyload\" data-lazyload=\"\/\/divertissementpartytime.ca\/wp-content\/uploads\/2020\/04\/dsc_8446-1-scaled.jpg\" data-no-retina>\n<!---->\t\t\t\t\t<\/rs-slide>\n\t\t\t\t\t\t<rs-slide style=\"position: absolute;\" data-key=\"rs-7\" data-title=\"Slide\" data-thumb=\"\/\/divertissementpartytime.ca\/wp-content\/uploads\/2020\/04\/firework-1-scaled-100x50.jpg\" data-anim=\"ms:600;p:dark;\" data-in=\"o:0;\" data-out=\"o:0;\">\n\t\t\t\t\t\t\t<img decoding=\"async\" src=\"\/\/divertissementpartytime.ca\/wp-content\/plugins\/revslider\/sr6\/assets\/assets\/dummy.png\" alt=\"\" title=\"Accueil\" class=\"rev-slidebg tp-rs-img rs-lazyload\" data-lazyload=\"\/\/divertissementpartytime.ca\/wp-content\/uploads\/2020\/04\/firework-1-scaled.jpg\" data-no-retina>\n<!---->\t\t\t\t\t<\/rs-slide>\n\t\t\t\t\t\t<rs-slide style=\"position: absolute;\" data-key=\"rs-5\" data-title=\"Slide\" data-thumb=\"\/\/divertissementpartytime.ca\/wp-content\/uploads\/2020\/04\/mg_3570-1-scaled-100x50.jpg\" data-anim=\"ms:600;p:dark;\" data-in=\"o:0;\" data-out=\"o:0;\">\n\t\t\t\t\t\t\t<img decoding=\"async\" src=\"\/\/divertissementpartytime.ca\/wp-content\/plugins\/revslider\/sr6\/assets\/assets\/dummy.png\" alt=\"\" title=\"Accueil\" class=\"rev-slidebg tp-rs-img rs-lazyload\" data-lazyload=\"\/\/divertissementpartytime.ca\/wp-content\/uploads\/2020\/04\/mg_3570-1-scaled.jpg\" data-no-retina>\n<!---->\t\t\t\t\t<\/rs-slide>\n\t\t\t\t\t\t<rs-slide style=\"position: absolute;\" data-key=\"rs-8\" data-title=\"Slide\" data-thumb=\"\/\/divertissementpartytime.ca\/wp-content\/uploads\/2020\/04\/img_9649-1-scaled-100x50.jpg\" data-anim=\"ms:600;p:dark;\" data-in=\"o:0;\" data-out=\"o:0;\">\n\t\t\t\t\t\t\t<img decoding=\"async\" src=\"\/\/divertissementpartytime.ca\/wp-content\/plugins\/revslider\/sr6\/assets\/assets\/dummy.png\" alt=\"\" title=\"Accueil\" class=\"rev-slidebg tp-rs-img rs-lazyload\" data-lazyload=\"\/\/divertissementpartytime.ca\/wp-content\/uploads\/2020\/04\/img_9649-1-scaled.jpg\" data-no-retina>\n<!---->\t\t\t\t\t<\/rs-slide>\n\t\t\t\t\t\t<rs-slide style=\"position: absolute;\" data-key=\"rs-9\" data-title=\"Slide\" data-thumb=\"\/\/divertissementpartytime.ca\/wp-content\/uploads\/2020\/04\/img_9999-3-scaled-100x50.jpg\" data-anim=\"ms:600;p:dark;\" data-in=\"o:0;\" data-out=\"o:0;\">\n\t\t\t\t\t\t\t<img decoding=\"async\" src=\"\/\/divertissementpartytime.ca\/wp-content\/plugins\/revslider\/sr6\/assets\/assets\/dummy.png\" alt=\"\" title=\"Accueil\" class=\"rev-slidebg tp-rs-img rs-lazyload\" data-lazyload=\"\/\/divertissementpartytime.ca\/wp-content\/uploads\/2020\/04\/img_9999-3-scaled.jpg\" data-no-retina>\n<!---->\t\t\t\t\t<\/rs-slide>\n\t\t\t\t\t\t<rs-slide style=\"position: absolute;\" data-key=\"rs-16\" data-title=\"Slide\" data-thumb=\"\/\/divertissementpartytime.ca\/wp-content\/uploads\/2020\/04\/wedding-dj-montreal-1-100x50.jpg\" data-anim=\"ms:600;p:dark;\" data-in=\"o:0;\" data-out=\"o:0;\">\n\t\t\t\t\t\t\t<img decoding=\"async\" src=\"\/\/divertissementpartytime.ca\/wp-content\/plugins\/revslider\/sr6\/assets\/assets\/dummy.png\" alt=\"\" title=\"Accueil\" class=\"rev-slidebg tp-rs-img rs-lazyload\" data-lazyload=\"\/\/divertissementpartytime.ca\/wp-content\/uploads\/2020\/04\/wedding-dj-montreal-1.jpg\" data-no-retina>\n<!---->\t\t\t\t\t<\/rs-slide>\n\t\t\t\t\t<\/rs-slides>\n\t\t\t\t<\/rs-module>\n\t\t\t\t<script>\n\t\t\t\t\tsetREVStartSize({c: 'rev_slider_3_1',rl:[1240,1024,778,480],el:[],gw:[1240],gh:[868],type:'standard',justify:'',layout:'fullscreen',offsetContainer:'',offset:'',mh:\"0\"});if (window.RS_MODULES!==undefined && window.RS_MODULES.modules!==undefined && window.RS_MODULES.modules[\"revslider31\"]!==undefined) {window.RS_MODULES.modules[\"revslider31\"].once = false;window.revapi3 = undefined;if (window.RS_MODULES.checkMinimal!==undefined) window.RS_MODULES.checkMinimal()}\n\t\t\t\t<\/script>\n\t\t\t<\/rs-module-wrap>\n\t\t\t<!-- END REVOLUTION SLIDER -->\n<\/div>\n\n\n[mk_page_section bg_position=\u00a0\u00bbleft bottom\u00a0\u00bb bg_repeat=\u00a0\u00bbno-repeat\u00a0\u00bb video_loop=\u00a0\u00bbfalse\u00a0\u00bb full_width=\u00a0\u00bbtrue\u00a0\u00bb padding_top=\u00a0\u00bb0&Prime; padding_bottom=\u00a0\u00bb0&Prime; top_shape_color=\u00a0\u00bb#ffffff\u00a0\u00bb bottom_shape_color=\u00a0\u00bb#ffffff\u00a0\u00bb sidebar=\u00a0\u00bbsidebar-1&Prime;][vc_column width=\u00a0\u00bb1\/12&Prime;][\/vc_column][vc_column width=\u00a0\u00bb4\/12&Prime;][mk_padding_divider size=\u00a0\u00bb60&Prime;][mk_padding_divider size=\u00a0\u00bb60&Prime; visibility=\u00a0\u00bbhidden-sm\u00a0\u00bb][mk_fancy_title tag_name=\u00a0\u00bbh3&Prime; color=\u00a0\u00bb#000000&Prime; size=\u00a0\u00bb36&Prime; force_font_size=\u00a0\u00bbtrue\u00a0\u00bb size_tablet=\u00a0\u00bb35&Prime; size_phone=\u00a0\u00bb25&Prime; font_weight=\u00a0\u00bb300&Prime; txt_transform=\u00a0\u00bbuppercase\u00a0\u00bb font_family=\u00a0\u00bbnone\u00a0\u00bb animation=\u00a0\u00bbscale-up\u00a0\u00bb]Divertissement Party Time[\/mk_fancy_title][vc_column_text margin_bottom=\u00a0\u00bb20&Prime;]est une entreprise de DJ et de divertissement mobile la plus exclusive \u00e0 Montr\u00e9al. Nous offrons de la musique et des animations ainsi que des \u00e9clairages et d\u00e9cors \u00e9l\u00e9gants pour toutes les installations, et r\u00e9pondant \u00e0 tous les budgets.<\/p>\n<p>Avec plus de 15 ans d\u2019exp\u00e9rience dans le domaine, sachez que nos performances sont tout simplement divertissantes, amusantes et m\u00e9morables. Notre \u00e9quipe est compos\u00e9e de personnes dynamiques et exp\u00e9riment\u00e9es qui ne veulent qu\u2019une chose, que l\u2019on se souvienne longtemps de votre \u00e9v\u00e8nement. Nous sommes reconnus pour avoir \u00e9tabli des relations \u00e9troites avec tous nos clients, ainsi nous sommes en mesure de cr\u00e9er des concepts uniques et divertissants pour tous vos besoins \u00e9v\u00e8nementiels.<\/p>\n<p>Notre exp\u00e9rience garantira qu\u2019aucun d\u00e9tail ne sera laiss\u00e9 de c\u00f4t\u00e9. Que ce soit lors d\u2019un \u00e9v\u00e8nement simple mais \u00e9l\u00e9gant, ou un gala dans les r\u00e8gles de l\u2019art, un membre de notre \u00e9quipe personnalisera l\u2019humeur et le sentiment que vous souhaitez transmettre lors de votre \u00e9v\u00e8nement.[\/vc_column_text][\/vc_column][vc_column width=\u00a0\u00bb1\/12&Prime;][\/vc_column][vc_column width=\u00a0\u00bb3\/12&Prime;][mk_custom_box padding_vertical=\u00a0\u00bb60&Prime; margin_bottom=\u00a0\u00bb0&Prime; min_height=\u00a0\u00bb250&Prime; bg_image=\u00a0\u00bbhttp:\/\/divertissementpartytime.ca\/wp-content\/uploads\/2017\/03\/dj-mc-services.jpg\u00a0\u00bb bg_position=\u00a0\u00bbleft top\u00a0\u00bb background_hov_color_style=\u00a0\u00bbimage\u00a0\u00bb bg_hov_color=\u00a0\u00bb#b0bec5&Prime; bg_stretch=\u00a0\u00bbfalse\u00a0\u00bb][mk_icon_box2 icon_size=\u00a0\u00bb48&Prime; icon=\u00a0\u00bb\u00a0\u00bb icon_color=\u00a0\u00bb#ffffff\u00a0\u00bb title=\u00a0\u00bbDJ et M\u00e2itre de C\u00e9r\u00e9monie\u00a0\u00bb title_size=\u00a0\u00bb26&Prime; title_color=\u00a0\u00bb#ffffff\u00a0\u00bb title_top_padding=\u00a0\u00bb20&Prime; description_color=\u00a0\u00bb#ffffff\u00a0\u00bb read_more_url=\u00a0\u00bbhttp:\/\/divertissementpartytime.ca\/fr\/services\/\u00a0\u00bb]<span style=\"font-size: 12px;\">Plus d&rsquo;information<\/span>[\/mk_icon_box2][\/mk_custom_box][mk_padding_divider size=\u00a0\u00bb30&Prime; visibility=\u00a0\u00bbhidden-sm\u00a0\u00bb][mk_custom_box padding_vertical=\u00a0\u00bb60&Prime; margin_bottom=\u00a0\u00bb0&Prime; min_height=\u00a0\u00bb250&Prime; bg_image=\u00a0\u00bbhttp:\/\/divertissementpartytime.ca\/wp-content\/uploads\/2017\/03\/lighting-1.jpg\u00a0\u00bb bg_position=\u00a0\u00bbleft top\u00a0\u00bb background_hov_color_style=\u00a0\u00bbimage\u00a0\u00bb bg_hov_color=\u00a0\u00bb#b0bec5&Prime; bg_stretch=\u00a0\u00bbfalse\u00a0\u00bb][mk_icon_box2 icon_size=\u00a0\u00bb48&Prime; icon=\u00a0\u00bb\u00a0\u00bb icon_color=\u00a0\u00bb#ffffff\u00a0\u00bb title=\u00a0\u00bb\u00c9clairage et Effets\u00a0\u00bb title_size=\u00a0\u00bb26&Prime; title_color=\u00a0\u00bb#ffffff\u00a0\u00bb title_top_padding=\u00a0\u00bb20&Prime; description_color=\u00a0\u00bb#ffffff\u00a0\u00bb read_more_url=\u00a0\u00bbhttp:\/\/divertissementpartytime.ca\/fr\/services\/\u00a0\u00bb]<span style=\"font-size: 12px;\">Plus d&rsquo;information<\/span>[\/mk_icon_box2][\/mk_custom_box][\/vc_column][vc_column width=\u00a0\u00bb3\/12&Prime;][mk_custom_box padding_vertical=\u00a0\u00bb60&Prime; margin_bottom=\u00a0\u00bb0&Prime; min_height=\u00a0\u00bb250&Prime; bg_image=\u00a0\u00bbhttp:\/\/divertissementpartytime.ca\/wp-content\/uploads\/2017\/03\/decor-1.jpg\u00a0\u00bb bg_position=\u00a0\u00bbleft top\u00a0\u00bb background_hov_color_style=\u00a0\u00bbimage\u00a0\u00bb bg_hov_color=\u00a0\u00bb#b0bec5&Prime; bg_stretch=\u00a0\u00bbfalse\u00a0\u00bb][mk_icon_box2 icon_size=\u00a0\u00bb48&Prime; icon=\u00a0\u00bb\u00a0\u00bb icon_color=\u00a0\u00bb#ffffff\u00a0\u00bb title=\u00a0\u00bbD\u00e9cor\u00a0\u00bb title_size=\u00a0\u00bb26&Prime; title_color=\u00a0\u00bb#ffffff\u00a0\u00bb title_top_padding=\u00a0\u00bb20&Prime; description_color=\u00a0\u00bb#ffffff\u00a0\u00bb read_more_url=\u00a0\u00bbhttp:\/\/divertissementpartytime.ca\/fr\/services\/\u00a0\u00bb]<span style=\"font-size: 12px;\">Plus d&rsquo;information<\/span>[\/mk_icon_box2][\/mk_custom_box][mk_padding_divider size=\u00a0\u00bb30&Prime; visibility=\u00a0\u00bbhidden-sm\u00a0\u00bb][mk_custom_box padding_vertical=\u00a0\u00bb60&Prime; margin_bottom=\u00a0\u00bb0&Prime; min_height=\u00a0\u00bb250&Prime; bg_image=\u00a0\u00bbhttp:\/\/divertissementpartytime.ca\/wp-content\/uploads\/2017\/03\/photobooth.jpg\u00a0\u00bb bg_position=\u00a0\u00bbleft top\u00a0\u00bb background_hov_color_style=\u00a0\u00bbimage\u00a0\u00bb bg_hov_color=\u00a0\u00bb#b0bec5&Prime;][mk_icon_box2 icon_size=\u00a0\u00bb48&Prime; icon=\u00a0\u00bb\u00a0\u00bb icon_color=\u00a0\u00bb#ffffff\u00a0\u00bb title=\u00a0\u00bb Locations\u00a0\u00bb title_size=\u00a0\u00bb26&Prime; title_color=\u00a0\u00bb#ffffff\u00a0\u00bb title_top_padding=\u00a0\u00bb20&Prime; description_color=\u00a0\u00bb#ffffff\u00a0\u00bb read_more_url=\u00a0\u00bbhttp:\/\/divertissementpartytime.ca\/fr\/services\/\u00a0\u00bb]<span style=\"font-size: 12px;\">Plus d&rsquo;information<\/span>[\/mk_icon_box2][\/mk_custom_box][\/vc_column][\/mk_page_section][mk_page_section layout_structure=\u00a0\u00bbhalf_left\u00a0\u00bb bg_image=\u00a0\u00bbhttp:\/\/aura-designs.net\/clients\/partytime\/wp-content\/uploads\/2017\/03\/special-moments.jpg\u00a0\u00bb video_loop=\u00a0\u00bbfalse\u00a0\u00bb full_height=\u00a0\u00bbtrue\u00a0\u00bb padding_top=\u00a0\u00bb0&Prime; padding_bottom=\u00a0\u00bb0&Prime; top_shape_color=\u00a0\u00bb#ffffff\u00a0\u00bb bottom_shape_color=\u00a0\u00bb#ffffff\u00a0\u00bb][vc_column][mk_fancy_title tag_name=\u00a0\u00bbh3&Prime; color=\u00a0\u00bb#000000&Prime; size=\u00a0\u00bb36&Prime; force_font_size=\u00a0\u00bbtrue\u00a0\u00bb size_tablet=\u00a0\u00bb35&Prime; size_phone=\u00a0\u00bb25&Prime; font_weight=\u00a0\u00bb300&Prime; txt_transform=\u00a0\u00bbuppercase\u00a0\u00bb font_family=\u00a0\u00bbnone\u00a0\u00bb animation=\u00a0\u00bbscale-up\u00a0\u00bb]Nous cr\u00e9ons des moments sp\u00e9ciaux[\/mk_fancy_title][vc_column_text margin_bottom=\u00a0\u00bb20&Prime;]Nous offrons nos services de musique et dj pendant toute la dur\u00e9e de l\u2019\u00e9v\u00e8nement. Depuis la c\u00e9r\u00e9monie, au cocktail et \u00e0 la r\u00e9ception, nous nous assurons de faire en sorte que tout soit appr\u00e9ciable par vos invit\u00e9s et vous!<\/p>\n<p><iframe src=\"https:\/\/player.vimeo.com\/video\/244599184?title=0&amp;byline=0&amp;portrait=0\" width=\"640\" height=\"360\" frameborder=\"0\" allowfullscreen=\"allowfullscreen\"><\/iframe>[\/vc_column_text][mk_button dimension=\u00a0\u00bbflat\u00a0\u00bb size=\u00a0\u00bbmedium\u00a0\u00bb letter_spacing=\u00a0\u00bb1&Prime; url=\u00a0\u00bbhttp:\/\/divertissementpartytime.ca\/fr\/forfaits\u00a0\u00bb margin_top=\u00a0\u00bb20&Prime; margin_bottom=\u00a0\u00bb0&Prime; margin_right=\u00a0\u00bb0&Prime;]VOIR LES FORFAITS[\/mk_button][mk_padding_divider size=\u00a0\u00bb60&Prime; visibility=\u00a0\u00bbvisible-sm\u00a0\u00bb][\/vc_column][\/mk_page_section][mk_page_section bg_color=\u00a0\u00bb#ffffff\u00a0\u00bb bg_position=\u00a0\u00bbcenter center\u00a0\u00bb bg_repeat=\u00a0\u00bbno-repeat\u00a0\u00bb min_height=\u00a0\u00bb500&Prime; padding_top=\u00a0\u00bb0&Prime; padding_bottom=\u00a0\u00bb0&Prime; sidebar=\u00a0\u00bbsidebar-1&Prime;][vc_column][mk_padding_divider size=\u00a0\u00bb60&Prime; visibility=\u00a0\u00bbhidden-sm\u00a0\u00bb][mk_fancy_title tag_name=\u00a0\u00bbh3&Prime; color=\u00a0\u00bb#000000&Prime; size=\u00a0\u00bb36&Prime; force_font_size=\u00a0\u00bbtrue\u00a0\u00bb size_tablet=\u00a0\u00bb25&Prime; size_phone=\u00a0\u00bb20&Prime; font_weight=\u00a0\u00bb300&Prime; txt_transform=\u00a0\u00bbuppercase\u00a0\u00bb font_family=\u00a0\u00bbnone\u00a0\u00bb align=\u00a0\u00bbcenter\u00a0\u00bb animation=\u00a0\u00bbscale-up\u00a0\u00bb]Nous Nous Sp\u00e9cialisons Dans[\/mk_fancy_title][vc_row_inner][vc_column_inner width=\u00a0\u00bb1\/3&Prime;][vc_single_image image=\u00a0\u00bb10260&Prime; img_size=\u00a0\u00bb200&#215;200&Prime; alignment=\u00a0\u00bbcenter\u00a0\u00bb style=\u00a0\u00bbvc_box_circle_2&Prime; onclick=\u00a0\u00bbcustom_link\u00a0\u00bb title=\u00a0\u00bbMariages\u00a0\u00bb link=\u00a0\u00bbhttp:\/\/divertissementpartytime.ca\/fr\/services\/\u00a0\u00bb][\/vc_column_inner][vc_column_inner width=\u00a0\u00bb1\/3&Prime;][vc_single_image image=\u00a0\u00bb10258&Prime; img_size=\u00a0\u00bb200&#215;200&Prime; alignment=\u00a0\u00bbcenter\u00a0\u00bb style=\u00a0\u00bbvc_box_circle_2&Prime; onclick=\u00a0\u00bbcustom_link\u00a0\u00bb title=\u00a0\u00bbEntreprise\u00a0\u00bb link=\u00a0\u00bbhttp:\/\/divertissementpartytime.ca\/fr\/services\/\u00a0\u00bb][\/vc_column_inner][vc_column_inner width=\u00a0\u00bb1\/3&Prime;][vc_single_image image=\u00a0\u00bb10395&Prime; img_size=\u00a0\u00bb200&#215;200&Prime; alignment=\u00a0\u00bbcenter\u00a0\u00bb style=\u00a0\u00bbvc_box_circle_2&Prime; onclick=\u00a0\u00bbcustom_link\u00a0\u00bb title=\u00a0\u00bbSocial\u00a0\u00bb link=\u00a0\u00bbhttp:\/\/divertissementpartytime.ca\/fr\/services\/\u00a0\u00bb][\/vc_column_inner][\/vc_row_inner][\/vc_column][\/mk_page_section][mk_page_section bg_image=\u00a0\u00bbhttp:\/\/aura-designs.net\/clients\/partytime\/wp-content\/uploads\/2017\/03\/testimonials-1.jpg\u00a0\u00bb bg_position=\u00a0\u00bbcenter center\u00a0\u00bb bg_repeat=\u00a0\u00bbno-repeat\u00a0\u00bb bg_stretch=\u00a0\u00bbtrue\u00a0\u00bb min_height=\u00a0\u00bb600&Prime; padding_top=\u00a0\u00bb0&Prime; padding_bottom=\u00a0\u00bb0&Prime; sidebar=\u00a0\u00bbsidebar-1&Prime;][vc_column][mk_padding_divider size=\u00a0\u00bb60&Prime; visibility=\u00a0\u00bbhidden-sm\u00a0\u00bb][mk_fancy_title tag_name=\u00a0\u00bbh3&Prime; color=\u00a0\u00bb#ffffff\u00a0\u00bb size=\u00a0\u00bb36&Prime; force_font_size=\u00a0\u00bbtrue\u00a0\u00bb size_tablet=\u00a0\u00bb25&Prime; size_phone=\u00a0\u00bb20&Prime; font_weight=\u00a0\u00bb300&Prime; txt_transform=\u00a0\u00bbuppercase\u00a0\u00bb font_family=\u00a0\u00bbnone\u00a0\u00bb align=\u00a0\u00bbcenter\u00a0\u00bb animation=\u00a0\u00bbscale-up\u00a0\u00bb]T\u00e9moignages[\/mk_fancy_title][mk_testimonials style=\u00a0\u00bbsimple\u00a0\u00bb skin=\u00a0\u00bblight\u00a0\u00bb text_color=\u00a0\u00bb#ffffff\u00a0\u00bb author_color=\u00a0\u00bb#ffffff\u00a0\u00bb skill_color=\u00a0\u00bb#ffffff\u00a0\u00bb font_weight=\u00a0\u00bb400&Prime; font_style=\u00a0\u00bbnormal\u00a0\u00bb][\/vc_column][\/mk_page_section][mk_page_section bg_color=\u00a0\u00bb#ffffff\u00a0\u00bb bg_position=\u00a0\u00bbcenter center\u00a0\u00bb bg_repeat=\u00a0\u00bbno-repeat\u00a0\u00bb bg_stretch=\u00a0\u00bbtrue\u00a0\u00bb video_loop=\u00a0\u00bbfalse\u00a0\u00bb min_height=\u00a0\u00bb400&Prime; js_vertical_centered=\u00a0\u00bbtrue\u00a0\u00bb padding_top=\u00a0\u00bb0&Prime; padding_bottom=\u00a0\u00bb0&Prime; sidebar=\u00a0\u00bbsidebar-1&Prime;][vc_column width=\u00a0\u00bb3\/12&Prime;][\/vc_column][vc_column width=\u00a0\u00bb6\/12&Prime;][mk_fancy_title tag_name=\u00a0\u00bbh3&Prime; color=\u00a0\u00bb#000000&Prime; size=\u00a0\u00bb28&Prime; force_font_size=\u00a0\u00bbtrue\u00a0\u00bb size_tablet=\u00a0\u00bb25&Prime; size_phone=\u00a0\u00bb20&Prime; font_weight=\u00a0\u00bb400&Prime; txt_transform=\u00a0\u00bbuppercase\u00a0\u00bb letter_spacing=\u00a0\u00bb1&Prime; font_family=\u00a0\u00bbnone\u00a0\u00bb align=\u00a0\u00bbcenter\u00a0\u00bb animation=\u00a0\u00bbscale-up\u00a0\u00bb]Inscrivez-vous \u00e0 notre infolettre[\/mk_fancy_title][mk_subscribe placeholder_text=\u00a0\u00bbCourriel\u00a0\u00bb button_text=\u00a0\u00bbENVOYER\u00a0\u00bb list_id=\u00a0\u00bb54e1394cfc\u00a0\u00bb space_between=\u00a0\u00bb30&Prime; btn_bg_color=\u00a0\u00bb#ff0078&Prime; btn_text_color=\u00a0\u00bb#ffffff\u00a0\u00bb btn_border_color=\u00a0\u00bb#ff0078&Prime; input_bg_color=\u00a0\u00bb#ffffff\u00a0\u00bb input_placeholder_color=\u00a0\u00bb#666666&Prime; input_border_color=\u00a0\u00bb#cccccc\u00a0\u00bb btn_hover_bg_color=\u00a0\u00bb#d3d3d3&Prime; input_focus_bg_color=\u00a0\u00bb#d3d3d3&Prime; input_focus_placeholder_color=\u00a0\u00bb#ffffff\u00a0\u00bb][\/vc_column][vc_column width=\u00a0\u00bb3\/12&Prime;][\/vc_column][\/mk_page_section][vc_row fullwidth=\u00a0\u00bbtrue\u00a0\u00bb css=\u00a0\u00bb.vc_custom_1489129008865{background-color: #f7f7f8 !important;}\u00a0\u00bb][vc_column][mk_padding_divider size=\u00a0\u00bb100&Prime;][\/vc_column][\/vc_row]<p><\/p><\/div>","protected":false},"excerpt":{"rendered":"<p>[mk_page_section bg_position=\u00a0\u00bbleft bottom\u00a0\u00bb bg_repeat=\u00a0\u00bbno-repeat\u00a0\u00bb video_loop=\u00a0\u00bbfalse\u00a0\u00bb full_width=\u00a0\u00bbtrue\u00a0\u00bb padding_top=\u00a0\u00bb0&Prime; padding_bottom=\u00a0\u00bb0&Prime; top_shape_color=\u00a0\u00bb#ffffff\u00a0\u00bb bottom_shape_color=\u00a0\u00bb#ffffff\u00a0\u00bb sidebar=\u00a0\u00bbsidebar-1&Prime;][vc_column width=\u00a0\u00bb1\/12&Prime;][\/vc_column][vc_column width=\u00a0\u00bb4\/12&Prime;][mk_padding_divider size=\u00a0\u00bb60&Prime;][mk_padding_divider size=\u00a0\u00bb60&Prime; visibility=\u00a0\u00bbhidden-sm\u00a0\u00bb][mk_fancy_title tag_name=\u00a0\u00bbh3&Prime; color=\u00a0\u00bb#000000&Prime; size=\u00a0\u00bb36&Prime; force_font_size=\u00a0\u00bbtrue\u00a0\u00bb size_tablet=\u00a0\u00bb35&Prime; size_phone=\u00a0\u00bb25&Prime; font_weight=\u00a0\u00bb300&Prime; txt_transform=\u00a0\u00bbuppercase\u00a0\u00bb font_family=\u00a0\u00bbnone\u00a0\u00bb animation=\u00a0\u00bbscale-up\u00a0\u00bb]Divertissement Party Time[\/mk_fancy_title][vc_column_text margin_bottom=\u00a0\u00bb20&Prime;]est une entreprise de DJ et de divertissement mobile la plus exclusive \u00e0 Montr\u00e9al. Nous offrons de la musique et des animations ainsi que des \u00e9clairages et [&hellip;]<\/p>\n","protected":false},"author":1,"featured_media":0,"parent":0,"menu_order":0,"comment_status":"closed","ping_status":"closed","template":"","meta":{"footnotes":""},"class_list":["post-10471","page","type-page","status-publish","hentry"],"_links":{"self":[{"href":"https:\/\/divertissementpartytime.ca\/fr\/wp-json\/wp\/v2\/pages\/10471","targetHints":{"allow":["GET"]}}],"collection":[{"href":"https:\/\/divertissementpartytime.ca\/fr\/wp-json\/wp\/v2\/pages"}],"about":[{"href":"https:\/\/divertissementpartytime.ca\/fr\/wp-json\/wp\/v2\/types\/page"}],"author":[{"embeddable":true,"href":"https:\/\/divertissementpartytime.ca\/fr\/wp-json\/wp\/v2\/users\/1"}],"replies":[{"embeddable":true,"href":"https:\/\/divertissementpartytime.ca\/fr\/wp-json\/wp\/v2\/comments?post=10471"}],"version-history":[{"count":6,"href":"https:\/\/divertissementpartytime.ca\/fr\/wp-json\/wp\/v2\/pages\/10471\/revisions"}],"predecessor-version":[{"id":10718,"href":"https:\/\/divertissementpartytime.ca\/fr\/wp-json\/wp\/v2\/pages\/10471\/revisions\/10718"}],"wp:attachment":[{"href":"https:\/\/divertissementpartytime.ca\/fr\/wp-json\/wp\/v2\/media?parent=10471"}],"curies":[{"name":"wp","href":"https:\/\/api.w.org\/{rel}","templated":true}]}}